{"id":57,"date":"2016-01-21T22:34:00","date_gmt":"2016-01-21T21:34:00","guid":{"rendered":"http:\/\/cabinetdeluxo.fr\/cabinetdeluxo\/?page_id=57"},"modified":"2021-03-06T12:09:22","modified_gmt":"2021-03-06T11:09:22","slug":"acupuncture-clermont-ferrand","status":"publish","type":"page","link":"https:\/\/cabinetdeluxo.fr\/","title":{"rendered":"accueil"},"content":{"rendered":"<h2><span style=\"color: #b21221;\">D\u00e9couvrez les nombreux bienfaits de la luxopuncture<\/span><\/h2>\n<p>Le cabinet de luxo vous propose des soins de <a href=\"http:\/\/cabinetdeluxo.fr\/index.php\/luxopuncture-clermont-ferrand\/\">luxopuncture<\/a> et un accompagnement coach\u00e9 personnalis\u00e9 afin de mettre tout en oeuvre pour vous aider \u00e0 obtenir des r\u00e9sultats rapides et durables.<\/p>\n<p>Plus commun\u00e9ment appel\u00e9e \u00ab\u00a0luxo\u00a0\u00bb, la luxopuncture est une technique moderne d&rsquo;acupuncture sans aiguille, indolore, relaxante et tr\u00e8s efficace, qui vous aide \u00e0 obtenir un mieux-\u00eatre instantan\u00e9 et des r\u00e9sultats visibles d\u00e8s la premi\u00e8re s\u00e9ance.<\/p>\n<p>Au moyen d&rsquo;un faisceau lumineux infrarouge, la luxopuncture vous permet de retrouver un \u00e9quilibre int\u00e9rieur et vous apporte une solution saine, naturelle, efficace et viable dans le temps.<\/p>\n<h2><span style=\"color: #b21221;\">Qu&rsquo;est ce que vous permet la luxopuncture ?<\/span><\/h2>\n<p>La luxopuncture va r\u00e9-harmoniser votre corps et vous apporter une aide pr\u00e9cieuse pour agir et r\u00e9soudre vos probl\u00e8mes :<\/p>\n<p>-&gt; de <a href=\"http:\/\/cabinetdeluxo.fr\/index.php\/amincissement\/\">gestion de poids, de troubles ou de comportement alimentaire<br \/>\n<\/a>-&gt; d&rsquo;<a href=\"http:\/\/cabinetdeluxo.fr\/index.php\/arret-du-tabac\/\">arr\u00eat du tabac et de coupure d&rsquo;une addiction<br \/>\n<\/a>-&gt; de <a href=\"http:\/\/cabinetdeluxo.fr\/index.php\/relaxation\/\">stress ou de gestion de vos \u00e9motions<br \/>\n<\/a>-&gt; de <a href=\"http:\/\/cabinetdeluxo.fr\/index.php\/bien-etre-menopause\/\">r\u00e9gulation hormonale, m\u00e9nopause, sommeil&#8230;<\/a><\/p>\n<p>Je pratique la luxopuncture en compl\u00e9ment d&rsquo;un coaching personnel dynamique et motivant pour vous orienter efficacement et rapidement vers l&rsquo;atteinte de vos objectifs.<\/p>\n<p>Je vous propose, gr\u00e2ce \u00e0 cette approche globale et compl\u00e8te, de reprendre confiance en vous et en vos capacit\u00e9s pour devenir enfin l&rsquo;acteur de votre propre changement.<\/p>\n<h2><span style=\"color: #b21221;\">O\u00f9 trouver le cabinet de luxo ?<\/span><\/h2>\n<p><img loading=\"lazy\" decoding=\"async\" class=\"aligncenter wp-image-495 size-large\" src=\"http:\/\/cabinetdeluxo.fr\/wp-content\/uploads\/2021\/02\/IMG_20210203_132618-1024x473.jpg\" alt=\"cabinet de luxo clermont ferrand\" width=\"840\" height=\"388\" srcset=\"https:\/\/cabinetdeluxo.fr\/wp-content\/uploads\/2021\/02\/IMG_20210203_132618-1024x473.jpg 1024w, https:\/\/cabinetdeluxo.fr\/wp-content\/uploads\/2021\/02\/IMG_20210203_132618-300x138.jpg 300w, https:\/\/cabinetdeluxo.fr\/wp-content\/uploads\/2021\/02\/IMG_20210203_132618-768x354.jpg 768w, https:\/\/cabinetdeluxo.fr\/wp-content\/uploads\/2021\/02\/IMG_20210203_132618-1536x709.jpg 1536w, https:\/\/cabinetdeluxo.fr\/wp-content\/uploads\/2021\/02\/IMG_20210203_132618-2048x945.jpg 2048w, https:\/\/cabinetdeluxo.fr\/wp-content\/uploads\/2021\/02\/IMG_20210203_132618-800x369.jpg 800w\" sizes=\"auto, (max-width: 840px) 100vw, 840px\" \/><\/p>\n<p>Le cabinet de luxo est situ\u00e9 au centre de Clermont-Ferrand (63), dans les \u00e9tages du b\u00e2timent du Centre Jaude 1.<\/p>\n<p>Surplombant toute la place de Jaude, le cabinet de luxo vous offre un cadre relaxant, serein et apaisant pour que vous puissiez profiter pleinement de vos s\u00e9ances.<\/p>\n<p>L&rsquo;acc\u00e8s se fait par l&rsquo;entr\u00e9e des bureaux, rue Gonod, entre l&rsquo;entr\u00e9e du Centre Jaude et le caf\u00e9 Columbus.<\/p>\n<p>Facile et pratique d&rsquo;acc\u00e8s :<\/p>\n<ul>\n<li>En voiture : stationnement possible partout ou directement dans le parking du Centre Jaude, niveau -2<\/li>\n<li>En tram : arr\u00eat Jaude ou Lagarlaye<\/li>\n<li>Parking relais : Garez votre voiture au parking relais des Pistes Michelin, de Montferrand ou de l&rsquo;Hopital Gabriel Montpied et venez facilement en centre ville en tram<\/li>\n<li>En v\u00e9lo ou bien \u00e0 pied<\/li>\n<\/ul>\n<p>Le <strong>cabinet de luxo \u00e9quilibre &amp; bien-\u00eatre<\/strong> est reconnu centre de luxopuncture agr\u00e9\u00e9 par <a href=\"https:\/\/www.luxomed.com\/centre-luxo\/equilibre-bien-etre-clermont-ferrand-7324.htm\" target=\"_blank\" rel=\"noopener\">Luxomed<\/a>. Vous pouvez suivre ce lien si vous souhaitez lire la pr\u00e9sentation de mon cabinet r\u00e9alis\u00e9e \u00e0 l&rsquo;occasion d&rsquo;une interview par la soci\u00e9t\u00e9 r\u00e9f\u00e9rente de Luxopuncture en France et en Europe.<\/p>\n<p><strong>Nombreux sont ceux qui ont d\u00e9j\u00e0 fait appel au cabinet de luxo. Vous \u00eates curieux ? D<\/strong><strong>\u00e9couvrez leurs t\u00e9moignages : <a href=\"https:\/\/g.page\/cabinetdeluxo\/review?av\">https:\/\/g.page\/cabinetdeluxo\/review?av<\/a><\/strong><\/p>\n","protected":false},"excerpt":{"rendered":"<p>D\u00e9couvrez les nombreux bienfaits de la luxopuncture Le cabinet de luxo vous propose des soins de luxopuncture et un accompagnement coach\u00e9 personnalis\u00e9 afin de mettre tout en oeuvre pour vous aider \u00e0 obtenir des r\u00e9sultats rapides et durables. Plus commun\u00e9ment appel\u00e9e \u00ab\u00a0luxo\u00a0\u00bb, la luxopuncture est une technique moderne d&rsquo;acupuncture sans aiguille, indolore, relaxante et tr\u00e8s [&hellip;]<\/p>\n","protected":false},"author":1,"featured_media":419,"parent":0,"menu_order":1,"comment_status":"closed","ping_status":"closed","template":"","meta":{"footnotes":""},"class_list":["post-57","page","type-page","status-publish","has-post-thumbnail","hentry"],"yoast_head":"<!-- This site is optimized with the Yoast SEO plugin v24.8.1 - https:\/\/yoast.com\/wordpress\/plugins\/seo\/ -->\n<title>Cabinet de luxo : Acupuncture sans aiguille \u00e0 Clermont-Ferrand<\/title>\n<meta name=\"description\" content=\"D\u00e9couvrez le cabinet de luxo \u00e0 Clermont-Ferrand. M\u00e9thode naturelle d&#039;acupuncture, la luxopuncture agit sur la perte de poids, l&#039;arr\u00eat du tabac, le stress et la m\u00e9nopause\" \/>\n<meta name=\"robots\" content=\"index, follow, max-snippet:-1, max-image-preview:large, max-video-preview:-1\" \/>\n<link rel=\"canonical\" href=\"https:\/\/cabinetdeluxo.fr\/\" \/>\n<meta property=\"og:locale\" content=\"fr_FR\" \/>\n<meta property=\"og:type\" content=\"article\" \/>\n<meta property=\"og:title\" content=\"Cabinet de luxo : Acupuncture sans aiguille \u00e0 Clermont-Ferrand\" \/>\n<meta property=\"og:description\" content=\"D\u00e9couvrez le cabinet de luxo \u00e0 Clermont-Ferrand. M\u00e9thode naturelle d&#039;acupuncture, la luxopuncture agit sur la perte de poids, l&#039;arr\u00eat du tabac, le stress et la m\u00e9nopause\" \/>\n<meta property=\"og:url\" content=\"https:\/\/cabinetdeluxo.fr\/\" \/>\n<meta property=\"og:site_name\" content=\"cabinet de luxo\" \/>\n<meta property=\"article:modified_time\" content=\"2021-03-06T11:09:22+00:00\" \/>\n<meta property=\"og:image\" content=\"https:\/\/cabinetdeluxo.fr\/wp-content\/uploads\/2016\/02\/1DSC3711ok-1024x681.jpg\" \/>\n\t<meta property=\"og:image:width\" content=\"1024\" \/>\n\t<meta property=\"og:image:height\" content=\"681\" \/>\n\t<meta property=\"og:image:type\" content=\"image\/jpeg\" \/>\n<meta name=\"twitter:card\" content=\"summary_large_image\" \/>\n<meta name=\"twitter:label1\" content=\"Dur\u00e9e de lecture estim\u00e9e\" \/>\n\t<meta name=\"twitter:data1\" content=\"2 minutes\" \/>\n<script type=\"application\/ld+json\" class=\"yoast-schema-graph\">{\"@context\":\"https:\/\/schema.org\",\"@graph\":[{\"@type\":\"WebPage\",\"@id\":\"https:\/\/cabinetdeluxo.fr\/\",\"url\":\"https:\/\/cabinetdeluxo.fr\/\",\"name\":\"Cabinet de luxo : Acupuncture sans aiguille \u00e0 Clermont-Ferrand\",\"isPartOf\":{\"@id\":\"https:\/\/cabinetdeluxo.fr\/#website\"},\"primaryImageOfPage\":{\"@id\":\"https:\/\/cabinetdeluxo.fr\/#primaryimage\"},\"image\":{\"@id\":\"https:\/\/cabinetdeluxo.fr\/#primaryimage\"},\"thumbnailUrl\":\"https:\/\/cabinetdeluxo.fr\/wp-content\/uploads\/2016\/02\/1DSC3711ok.jpg\",\"datePublished\":\"2016-01-21T21:34:00+00:00\",\"dateModified\":\"2021-03-06T11:09:22+00:00\",\"description\":\"D\u00e9couvrez le cabinet de luxo \u00e0 Clermont-Ferrand. M\u00e9thode naturelle d'acupuncture, la luxopuncture agit sur la perte de poids, l'arr\u00eat du tabac, le stress et la m\u00e9nopause\",\"breadcrumb\":{\"@id\":\"https:\/\/cabinetdeluxo.fr\/#breadcrumb\"},\"inLanguage\":\"fr-FR\",\"potentialAction\":[{\"@type\":\"ReadAction\",\"target\":[\"https:\/\/cabinetdeluxo.fr\/\"]}]},{\"@type\":\"ImageObject\",\"inLanguage\":\"fr-FR\",\"@id\":\"https:\/\/cabinetdeluxo.fr\/#primaryimage\",\"url\":\"https:\/\/cabinetdeluxo.fr\/wp-content\/uploads\/2016\/02\/1DSC3711ok.jpg\",\"contentUrl\":\"https:\/\/cabinetdeluxo.fr\/wp-content\/uploads\/2016\/02\/1DSC3711ok.jpg\",\"width\":4256,\"height\":2832},{\"@type\":\"BreadcrumbList\",\"@id\":\"https:\/\/cabinetdeluxo.fr\/#breadcrumb\",\"itemListElement\":[{\"@type\":\"ListItem\",\"position\":1,\"name\":\"Accueil\",\"item\":\"https:\/\/cabinetdeluxo.fr\/\"},{\"@type\":\"ListItem\",\"position\":2,\"name\":\"accueil\"}]},{\"@type\":\"WebSite\",\"@id\":\"https:\/\/cabinetdeluxo.fr\/#website\",\"url\":\"https:\/\/cabinetdeluxo.fr\/\",\"name\":\"cabinet de luxo\",\"description\":\"\",\"potentialAction\":[{\"@type\":\"SearchAction\",\"target\":{\"@type\":\"EntryPoint\",\"urlTemplate\":\"https:\/\/cabinetdeluxo.fr\/?s={search_term_string}\"},\"query-input\":{\"@type\":\"PropertyValueSpecification\",\"valueRequired\":true,\"valueName\":\"search_term_string\"}}],\"inLanguage\":\"fr-FR\"}]}<\/script>\n<!-- \/ Yoast SEO plugin. -->","yoast_head_json":{"title":"Cabinet de luxo : Acupuncture sans aiguille \u00e0 Clermont-Ferrand","description":"D\u00e9couvrez le cabinet de luxo \u00e0 Clermont-Ferrand. M\u00e9thode naturelle d'acupuncture, la luxopuncture agit sur la perte de poids, l'arr\u00eat du tabac, le stress et la m\u00e9nopause","robots":{"index":"index","follow":"follow","max-snippet":"max-snippet:-1","max-image-preview":"max-image-preview:large","max-video-preview":"max-video-preview:-1"},"canonical":"https:\/\/cabinetdeluxo.fr\/","og_locale":"fr_FR","og_type":"article","og_title":"Cabinet de luxo : Acupuncture sans aiguille \u00e0 Clermont-Ferrand","og_description":"D\u00e9couvrez le cabinet de luxo \u00e0 Clermont-Ferrand. M\u00e9thode naturelle d'acupuncture, la luxopuncture agit sur la perte de poids, l'arr\u00eat du tabac, le stress et la m\u00e9nopause","og_url":"https:\/\/cabinetdeluxo.fr\/","og_site_name":"cabinet de luxo","article_modified_time":"2021-03-06T11:09:22+00:00","og_image":[{"width":1024,"height":681,"url":"https:\/\/cabinetdeluxo.fr\/wp-content\/uploads\/2016\/02\/1DSC3711ok-1024x681.jpg","type":"image\/jpeg"}],"twitter_card":"summary_large_image","twitter_misc":{"Dur\u00e9e de lecture estim\u00e9e":"2 minutes"},"schema":{"@context":"https:\/\/schema.org","@graph":[{"@type":"WebPage","@id":"https:\/\/cabinetdeluxo.fr\/","url":"https:\/\/cabinetdeluxo.fr\/","name":"Cabinet de luxo : Acupuncture sans aiguille \u00e0 Clermont-Ferrand","isPartOf":{"@id":"https:\/\/cabinetdeluxo.fr\/#website"},"primaryImageOfPage":{"@id":"https:\/\/cabinetdeluxo.fr\/#primaryimage"},"image":{"@id":"https:\/\/cabinetdeluxo.fr\/#primaryimage"},"thumbnailUrl":"https:\/\/cabinetdeluxo.fr\/wp-content\/uploads\/2016\/02\/1DSC3711ok.jpg","datePublished":"2016-01-21T21:34:00+00:00","dateModified":"2021-03-06T11:09:22+00:00","description":"D\u00e9couvrez le cabinet de luxo \u00e0 Clermont-Ferrand. M\u00e9thode naturelle d'acupuncture, la luxopuncture agit sur la perte de poids, l'arr\u00eat du tabac, le stress et la m\u00e9nopause","breadcrumb":{"@id":"https:\/\/cabinetdeluxo.fr\/#breadcrumb"},"inLanguage":"fr-FR","potentialAction":[{"@type":"ReadAction","target":["https:\/\/cabinetdeluxo.fr\/"]}]},{"@type":"ImageObject","inLanguage":"fr-FR","@id":"https:\/\/cabinetdeluxo.fr\/#primaryimage","url":"https:\/\/cabinetdeluxo.fr\/wp-content\/uploads\/2016\/02\/1DSC3711ok.jpg","contentUrl":"https:\/\/cabinetdeluxo.fr\/wp-content\/uploads\/2016\/02\/1DSC3711ok.jpg","width":4256,"height":2832},{"@type":"BreadcrumbList","@id":"https:\/\/cabinetdeluxo.fr\/#breadcrumb","itemListElement":[{"@type":"ListItem","position":1,"name":"Accueil","item":"https:\/\/cabinetdeluxo.fr\/"},{"@type":"ListItem","position":2,"name":"accueil"}]},{"@type":"WebSite","@id":"https:\/\/cabinetdeluxo.fr\/#website","url":"https:\/\/cabinetdeluxo.fr\/","name":"cabinet de luxo","description":"","potentialAction":[{"@type":"SearchAction","target":{"@type":"EntryPoint","urlTemplate":"https:\/\/cabinetdeluxo.fr\/?s={search_term_string}"},"query-input":{"@type":"PropertyValueSpecification","valueRequired":true,"valueName":"search_term_string"}}],"inLanguage":"fr-FR"}]}},"_links":{"self":[{"href":"https:\/\/cabinetdeluxo.fr\/index.php\/wp-json\/wp\/v2\/pages\/57","targetHints":{"allow":["GET"]}}],"collection":[{"href":"https:\/\/cabinetdeluxo.fr\/index.php\/wp-json\/wp\/v2\/pages"}],"about":[{"href":"https:\/\/cabinetdeluxo.fr\/index.php\/wp-json\/wp\/v2\/types\/page"}],"author":[{"embeddable":true,"href":"https:\/\/cabinetdeluxo.fr\/index.php\/wp-json\/wp\/v2\/users\/1"}],"replies":[{"embeddable":true,"href":"https:\/\/cabinetdeluxo.fr\/index.php\/wp-json\/wp\/v2\/comments?post=57"}],"version-history":[{"count":22,"href":"https:\/\/cabinetdeluxo.fr\/index.php\/wp-json\/wp\/v2\/pages\/57\/revisions"}],"predecessor-version":[{"id":531,"href":"https:\/\/cabinetdeluxo.fr\/index.php\/wp-json\/wp\/v2\/pages\/57\/revisions\/531"}],"wp:featuredmedia":[{"embeddable":true,"href":"https:\/\/cabinetdeluxo.fr\/index.php\/wp-json\/wp\/v2\/media\/419"}],"wp:attachment":[{"href":"https:\/\/cabinetdeluxo.fr\/index.php\/wp-json\/wp\/v2\/media?parent=57"}],"curies":[{"name":"wp","href":"https:\/\/api.w.org\/{rel}","templated":true}]}}