{"id":5,"date":"2015-12-03T16:09:08","date_gmt":"2015-12-03T15:09:08","guid":{"rendered":"http:\/\/www.cabinetdeluxo.fr\/?page_id=5"},"modified":"2021-03-06T12:10:39","modified_gmt":"2021-03-06T11:10:39","slug":"luxopuncture-clermont-ferrand","status":"publish","type":"page","link":"https:\/\/cabinetdeluxo.fr\/index.php\/luxopuncture-clermont-ferrand\/","title":{"rendered":"la luxopuncture"},"content":{"rendered":"<h2 style=\"text-align: justify;\"><span style=\"color: #b21221;\">La luxopuncture, ou l&rsquo;acupuncture sans aiguille<\/span><\/h2>\n<p style=\"text-align: justify;\">La <strong>luxopuncture<\/strong> est une technique d&rsquo;acupuncture sans aiguille par rayonnement infrarouge, elle vise \u00e0 r\u00e9\u00e9quilibrer les syst\u00e8mes hormonal, lymphatique et digestif, et \u00e0 apporter un bien-\u00eatre g\u00e9n\u00e9ral et un apaisement imm\u00e9diat.<\/p>\n<p style=\"text-align: justify;\">Elle permet notamment, suivant le protocole mis en place, d\u2019\u00e9quilibrer 4 hormones essentielles :<\/p>\n<ul style=\"text-align: justify;\">\n<li>l&rsquo;endorphine : Elle procure calme et s\u00e9r\u00e9nit\u00e9. Un d\u00e9ficit de cette hormone peut \u00eatre un facteur de stress et d&rsquo;anxi\u00e9t\u00e9.<\/li>\n<li>la s\u00e9rotonine : Elle influe sur l&rsquo;app\u00e9tit, l&rsquo;humeur et le sommeil. Un d\u00e9s\u00e9quilibre peut engendrer des compulsions alimentaires, ou un app\u00e9tit excessif, avec une tendance \u00e0 la prise de poids, mais aussi \u00eatre la source d&rsquo;une p\u00e9riode de stress ou de difficult\u00e9s \u00e0 l&rsquo;endormissement.<\/li>\n<li>la dopamine : Un d\u00e9s\u00e9quilibre favorise les compulsions, et augmente l&rsquo;envie de sucr\u00e9, de gras, ou encore de boire ou fumer.<\/li>\n<li>la m\u00e9latonine : Elle r\u00e9gule les cycles de sommeil. Un d\u00e9s\u00e9quilibre entra\u00eene des difficult\u00e9s \u00e0 l&rsquo;endormissement, mais \u00e9galement des troubles du comportement alimentaire, favorise la d\u00e9pendance tabagique et les \u00e9tats anxieux.<\/li>\n<\/ul>\n<p style=\"text-align: justify;\">La<strong> luxopuncture<\/strong> est une technique douce, relaxante, indolore et sans aucun risque m\u00e9dical, qui se base sur la stimulation des points \u00e9nerg\u00e9tiques d&rsquo;acupuncture et d\u2019auriculoth\u00e9rapie. Ces points correspondent \u00e0 des protocoles pr\u00e9cis qui sont adapt\u00e9s en fonction de chaque traitement.<\/p>\n<p style=\"text-align: justify;\">Pour en savoir plus, vous pouvez visionner\u00a0le reportage vid\u00e9o de France 2 sur la luxopuncture :<\/p>\n<p><iframe loading=\"lazy\" src=\"https:\/\/www.youtube.com\/embed\/Km3yMS32I4s\" width=\"560\" height=\"315\" frameborder=\"0\" allowfullscreen=\"allowfullscreen\"><\/iframe><\/p>\n<h2 style=\"text-align: justify;\"><span style=\"color: #b21221;\">La luxopuncture : une technique au service de votre bien-\u00eatre<\/span><\/h2>\n<p style=\"text-align: justify;\">La <strong>luxopuncture<\/strong> permet de retrouver un bien-\u00eatre et d&rsquo;aider les patients \u00e0 r\u00e9soudre leurs probl\u00e8mes li\u00e9s :<\/p>\n<ul style=\"text-align: justify;\">\n<li>\u00e0 un<a href=\"http:\/\/cabinetdeluxo.fr\/index.php\/amincissement\/\">\u00a0surpoids, ou un trouble du comportement alimentaire<\/a><\/li>\n<li>au\u00a0<a href=\"http:\/\/cabinetdeluxo.fr\/index.php\/arret-du-tabac\/\">tabagisme et \u00e0 l&rsquo;addiction en g\u00e9n\u00e9ral<\/a><\/li>\n<li>\u00e0 la <a href=\"http:\/\/cabinetdeluxo.fr\/index.php\/relaxation\/\">gestion du stress et des \u00e9motions, \u00e0 l&rsquo;anxi\u00e9t\u00e9, ou aux troubles du sommeil<\/a><\/li>\n<li>\u00e0\u00a0<a href=\"http:\/\/cabinetdeluxo.fr\/index.php\/bien-etre-menopause\/\">l&rsquo;inconfort durant la p\u00e9riode de m\u00e9nopause<\/a><\/li>\n<\/ul>\n<h2 style=\"text-align: justify;\"><span style=\"color: #b21221;\">Comment se d\u00e9roule une s\u00e9ance de luxopuncture ?<\/span><\/h2>\n<p style=\"text-align: justify;\">La s\u00e9ance dure environ 1h, en fonction du suivi. Elle d\u00e9bute par un \u00e9change et permet de faire \u00e9tat des am\u00e9liorations et\/ou des difficult\u00e9s rencontr\u00e9es. Ensuite, une fois allong\u00e9 confortablement, vous profitez de votre s\u00e9ance de luxo dans le calme et l&rsquo;apaisement.<\/p>\n<p style=\"text-align: justify;\">L&rsquo;\u00e9quilibre est propre \u00e0 chacun, et afin de tenir compte de chaque patient, et pour mieux adapter chaque suivi \u00e0 chaque comportement, une premi\u00e8re consultation orient\u00e9e vers l\u2019\u00e9change et la prise de contact est n\u00e9cessaire. Cette consultation dure 1h30 et aucun surco\u00fbt n&rsquo;est appliqu\u00e9. Je prends ce d\u00e9passement horaire pour moi afin de vous permettre de m&rsquo;expliquer sereinement et sans pr\u00e9cipitation votre contexte, votre situation actuelle et les objectifs que vous souhaitez atteindre.<\/p>\n<h2 style=\"text-align: justify;\"><span style=\"color: #b21221;\">Les \u00ab\u00a0plus\u00a0\u00bb du cabinet de luxo<\/span><\/h2>\n<p>En compl\u00e9ment de l&rsquo;efficacit\u00e9 et des bienfaits de la luxopuncture, je pratique le coaching d&rsquo;orientation professionnelle adapt\u00e9 aux probl\u00e9matiques personnelles et cibl\u00e9 sur les domaines de la gestion du poids, de la r\u00e9solution des troubles du comportement alimentaire, de la gestion du stress et des \u00e9motions ainsi que sur le sevrage des addictions.<\/p>\n<p>Bienveillant et d\u00e9di\u00e9 \u00e0 votre \u00e9coute et \u00e0 l&rsquo;atteinte de vos objectifs personnels, je serai l\u00e0 pour lever vos freins, vos doutes, vos craintes ou vos croyances et ainsi vous permettre de prendre les choses diff\u00e9remment et retrouver le bien-\u00eatre et l&rsquo;\u00e9panouissement personnel que vous recherchez.<\/p>\n<h2 style=\"text-align: justify;\"><span style=\"color: #b21221;\">Une technique certifi\u00e9e<\/span><\/h2>\n<p style=\"text-align: justify;\">Cr\u00e9\u00e9e en France il y a un peu plus de 15 ans, cette technique compte aujourd&rsquo;hui plus de 2 000 centres, dont 350 cabinets.<\/p>\n<p style=\"text-align: justify;\">Le <strong>cabinet de luxo \u00e9quilibre &amp; bien-\u00eatre<\/strong> est reconnu centre de luxopuncture agr\u00e9\u00e9 par <a href=\"https:\/\/www.luxomed.com\/centre-luxo\/equilibre-bien-etre-clermont-ferrand-7324.htm\" target=\"_blank\" rel=\"noopener\">Luxomed<\/a>. Vous pouvez suivre ce lien si vous souhaitez lire la pr\u00e9sentation de mon cabinet r\u00e9alis\u00e9e \u00e0 l&rsquo;occasion de l&rsquo;interview par la soci\u00e9t\u00e9 r\u00e9f\u00e9rente de Luxopuncture en France.<\/p>\n<p style=\"text-align: justify;\">Le luxoscreen, appareil utilis\u00e9 pour la luxopuncture, est certifi\u00e9 dispositif m\u00e9dical selon la Directive Europ\u00e9enne 93\/42\/CEE (relative aux dispositifs m\u00e9diaux) en Classe IIa. Il est \u00e9galement certifi\u00e9 par les normes EN ISO 13485 et ISO 9001.<\/p>\n<p>\u00a0 \u00a0 \u00a0 \u00a0 \u00a0\u00a0<a href=\"http:\/\/cabinetdeluxo.fr\/cabinetdeluxo\/wp-content\/uploads\/2015\/12\/IMG_20160303_145728.jpg\" rel=\"attachment wp-att-212\"><img loading=\"lazy\" decoding=\"async\" class=\"wp-image-212 aligncenter\" src=\"http:\/\/cabinetdeluxo.fr\/cabinetdeluxo\/wp-content\/uploads\/2015\/12\/IMG_20160303_145728-300x225.jpg\" alt=\"luxopuncture\" width=\"343\" height=\"257\" srcset=\"https:\/\/cabinetdeluxo.fr\/wp-content\/uploads\/2015\/12\/IMG_20160303_145728-300x225.jpg 300w, https:\/\/cabinetdeluxo.fr\/wp-content\/uploads\/2015\/12\/IMG_20160303_145728-768x576.jpg 768w, https:\/\/cabinetdeluxo.fr\/wp-content\/uploads\/2015\/12\/IMG_20160303_145728-1024x768.jpg 1024w, https:\/\/cabinetdeluxo.fr\/wp-content\/uploads\/2015\/12\/IMG_20160303_145728-73x55.jpg 73w, https:\/\/cabinetdeluxo.fr\/wp-content\/uploads\/2015\/12\/IMG_20160303_145728-800x600.jpg 800w\" sizes=\"auto, (max-width: 343px) 100vw, 343px\" \/><\/a>\u00a0 \u00a0 \u00a0 \u00a0 \u00a0 \u00a0 \u00a0 \u00a0 \u00a0 \u00a0\u00a0<a href=\"http:\/\/cabinetdeluxo.fr\/cabinetdeluxo\/wp-content\/uploads\/2015\/12\/IMG_20160304_100452-1.jpg\" rel=\"attachment wp-att-250\"><img loading=\"lazy\" decoding=\"async\" class=\"wp-image-250 aligncenter\" src=\"http:\/\/cabinetdeluxo.fr\/cabinetdeluxo\/wp-content\/uploads\/2015\/12\/IMG_20160304_100452-1-240x300.jpg\" alt=\"luxopuncture\" width=\"205\" height=\"256\" srcset=\"https:\/\/cabinetdeluxo.fr\/wp-content\/uploads\/2015\/12\/IMG_20160304_100452-1-240x300.jpg 240w, https:\/\/cabinetdeluxo.fr\/wp-content\/uploads\/2015\/12\/IMG_20160304_100452-1-768x958.jpg 768w, https:\/\/cabinetdeluxo.fr\/wp-content\/uploads\/2015\/12\/IMG_20160304_100452-1-821x1024.jpg 821w, https:\/\/cabinetdeluxo.fr\/wp-content\/uploads\/2015\/12\/IMG_20160304_100452-1-44x55.jpg 44w, https:\/\/cabinetdeluxo.fr\/wp-content\/uploads\/2015\/12\/IMG_20160304_100452-1-800x998.jpg 800w\" sizes=\"auto, (max-width: 205px) 100vw, 205px\" \/><\/a><br \/><!-- End Google Tag Manager (noscript) --><\/p>\n<p>\u00a0<\/p>\n<p><strong>Nombreux sont ceux qui ont d\u00e9j\u00e0 fait appel au cabinet de luxo. Vous \u00eates curieux ? D<\/strong><strong>\u00e9couvrez leurs t\u00e9moignages : <a href=\"https:\/\/g.page\/cabinetdeluxo\/review?av\">https:\/\/g.page\/cabinetdeluxo\/review?av<\/a><\/strong><\/p>\n\n\n<p><\/p>\n","protected":false},"excerpt":{"rendered":"<p>La luxopuncture, ou l&rsquo;acupuncture sans aiguille La luxopuncture est une technique d&rsquo;acupuncture sans aiguille par rayonnement infrarouge, elle vise \u00e0 r\u00e9\u00e9quilibrer les syst\u00e8mes hormonal, lymphatique et digestif, et \u00e0 apporter un bien-\u00eatre g\u00e9n\u00e9ral et un apaisement imm\u00e9diat. Elle permet notamment, suivant le protocole mis en place, d\u2019\u00e9quilibrer 4 hormones essentielles : l&rsquo;endorphine : Elle procure [&hellip;]<\/p>\n","protected":false},"author":1,"featured_media":212,"parent":0,"menu_order":10,"comment_status":"closed","ping_status":"closed","template":"","meta":{"footnotes":""},"class_list":["post-5","page","type-page","status-publish","has-post-thumbnail","hentry"],"yoast_head":"<!-- This site is optimized with the Yoast SEO plugin v24.8.1 - https:\/\/yoast.com\/wordpress\/plugins\/seo\/ -->\n<title>Luxopuncture \u00e0 Clermont-Ferrand - Cabinet de luxo<\/title>\n<meta name=\"description\" content=\"Luxopuncture : stimulation des points \u00e9nerg\u00e9tiques d&#039;acupuncture pour la perte de poids, la gestion du stress, des \u00e9motions, et l&#039;arr\u00eat du tabac\" \/>\n<meta name=\"robots\" content=\"index, follow, max-snippet:-1, max-image-preview:large, max-video-preview:-1\" \/>\n<link rel=\"canonical\" href=\"https:\/\/cabinetdeluxo.fr\/index.php\/luxopuncture-clermont-ferrand\/\" \/>\n<meta property=\"og:locale\" content=\"fr_FR\" \/>\n<meta property=\"og:type\" content=\"article\" \/>\n<meta property=\"og:title\" content=\"Luxopuncture \u00e0 Clermont-Ferrand - Cabinet de luxo\" \/>\n<meta property=\"og:description\" content=\"Luxopuncture : stimulation des points \u00e9nerg\u00e9tiques d&#039;acupuncture pour la perte de poids, la gestion du stress, des \u00e9motions, et l&#039;arr\u00eat du tabac\" \/>\n<meta property=\"og:url\" content=\"https:\/\/cabinetdeluxo.fr\/index.php\/luxopuncture-clermont-ferrand\/\" \/>\n<meta property=\"og:site_name\" content=\"cabinet de luxo\" \/>\n<meta property=\"article:modified_time\" content=\"2021-03-06T11:10:39+00:00\" \/>\n<meta property=\"og:image\" content=\"https:\/\/cabinetdeluxo.fr\/wp-content\/uploads\/2015\/12\/IMG_20160303_145728.jpg\" \/>\n\t<meta property=\"og:image:width\" content=\"4032\" \/>\n\t<meta property=\"og:image:height\" content=\"3024\" \/>\n\t<meta property=\"og:image:type\" content=\"image\/jpeg\" \/>\n<meta name=\"twitter:card\" content=\"summary_large_image\" \/>\n<meta name=\"twitter:label1\" content=\"Dur\u00e9e de lecture estim\u00e9e\" \/>\n\t<meta name=\"twitter:data1\" content=\"4 minutes\" \/>\n<script type=\"application\/ld+json\" class=\"yoast-schema-graph\">{\"@context\":\"https:\/\/schema.org\",\"@graph\":[{\"@type\":\"WebPage\",\"@id\":\"https:\/\/cabinetdeluxo.fr\/index.php\/luxopuncture-clermont-ferrand\/\",\"url\":\"https:\/\/cabinetdeluxo.fr\/index.php\/luxopuncture-clermont-ferrand\/\",\"name\":\"Luxopuncture \u00e0 Clermont-Ferrand - Cabinet de luxo\",\"isPartOf\":{\"@id\":\"http:\/\/cabinetdeluxo.fr\/#website\"},\"primaryImageOfPage\":{\"@id\":\"https:\/\/cabinetdeluxo.fr\/index.php\/luxopuncture-clermont-ferrand\/#primaryimage\"},\"image\":{\"@id\":\"https:\/\/cabinetdeluxo.fr\/index.php\/luxopuncture-clermont-ferrand\/#primaryimage\"},\"thumbnailUrl\":\"https:\/\/cabinetdeluxo.fr\/wp-content\/uploads\/2015\/12\/IMG_20160303_145728.jpg\",\"datePublished\":\"2015-12-03T15:09:08+00:00\",\"dateModified\":\"2021-03-06T11:10:39+00:00\",\"description\":\"Luxopuncture : stimulation des points \u00e9nerg\u00e9tiques d'acupuncture pour la perte de poids, la gestion du stress, des \u00e9motions, et l'arr\u00eat du tabac\",\"breadcrumb\":{\"@id\":\"https:\/\/cabinetdeluxo.fr\/index.php\/luxopuncture-clermont-ferrand\/#breadcrumb\"},\"inLanguage\":\"fr-FR\",\"potentialAction\":[{\"@type\":\"ReadAction\",\"target\":[\"https:\/\/cabinetdeluxo.fr\/index.php\/luxopuncture-clermont-ferrand\/\"]}]},{\"@type\":\"ImageObject\",\"inLanguage\":\"fr-FR\",\"@id\":\"https:\/\/cabinetdeluxo.fr\/index.php\/luxopuncture-clermont-ferrand\/#primaryimage\",\"url\":\"https:\/\/cabinetdeluxo.fr\/wp-content\/uploads\/2015\/12\/IMG_20160303_145728.jpg\",\"contentUrl\":\"https:\/\/cabinetdeluxo.fr\/wp-content\/uploads\/2015\/12\/IMG_20160303_145728.jpg\",\"width\":4032,\"height\":3024},{\"@type\":\"BreadcrumbList\",\"@id\":\"https:\/\/cabinetdeluxo.fr\/index.php\/luxopuncture-clermont-ferrand\/#breadcrumb\",\"itemListElement\":[{\"@type\":\"ListItem\",\"position\":1,\"name\":\"Accueil\",\"item\":\"http:\/\/cabinetdeluxo.fr\/\"},{\"@type\":\"ListItem\",\"position\":2,\"name\":\"la luxopuncture\"}]},{\"@type\":\"WebSite\",\"@id\":\"http:\/\/cabinetdeluxo.fr\/#website\",\"url\":\"http:\/\/cabinetdeluxo.fr\/\",\"name\":\"cabinet de luxo\",\"description\":\"\",\"potentialAction\":[{\"@type\":\"SearchAction\",\"target\":{\"@type\":\"EntryPoint\",\"urlTemplate\":\"http:\/\/cabinetdeluxo.fr\/?s={search_term_string}\"},\"query-input\":{\"@type\":\"PropertyValueSpecification\",\"valueRequired\":true,\"valueName\":\"search_term_string\"}}],\"inLanguage\":\"fr-FR\"}]}<\/script>\n<!-- \/ Yoast SEO plugin. -->","yoast_head_json":{"title":"Luxopuncture \u00e0 Clermont-Ferrand - Cabinet de luxo","description":"Luxopuncture : stimulation des points \u00e9nerg\u00e9tiques d'acupuncture pour la perte de poids, la gestion du stress, des \u00e9motions, et l'arr\u00eat du tabac","robots":{"index":"index","follow":"follow","max-snippet":"max-snippet:-1","max-image-preview":"max-image-preview:large","max-video-preview":"max-video-preview:-1"},"canonical":"https:\/\/cabinetdeluxo.fr\/index.php\/luxopuncture-clermont-ferrand\/","og_locale":"fr_FR","og_type":"article","og_title":"Luxopuncture \u00e0 Clermont-Ferrand - Cabinet de luxo","og_description":"Luxopuncture : stimulation des points \u00e9nerg\u00e9tiques d'acupuncture pour la perte de poids, la gestion du stress, des \u00e9motions, et l'arr\u00eat du tabac","og_url":"https:\/\/cabinetdeluxo.fr\/index.php\/luxopuncture-clermont-ferrand\/","og_site_name":"cabinet de luxo","article_modified_time":"2021-03-06T11:10:39+00:00","og_image":[{"width":4032,"height":3024,"url":"https:\/\/cabinetdeluxo.fr\/wp-content\/uploads\/2015\/12\/IMG_20160303_145728.jpg","type":"image\/jpeg"}],"twitter_card":"summary_large_image","twitter_misc":{"Dur\u00e9e de lecture estim\u00e9e":"4 minutes"},"schema":{"@context":"https:\/\/schema.org","@graph":[{"@type":"WebPage","@id":"https:\/\/cabinetdeluxo.fr\/index.php\/luxopuncture-clermont-ferrand\/","url":"https:\/\/cabinetdeluxo.fr\/index.php\/luxopuncture-clermont-ferrand\/","name":"Luxopuncture \u00e0 Clermont-Ferrand - Cabinet de luxo","isPartOf":{"@id":"http:\/\/cabinetdeluxo.fr\/#website"},"primaryImageOfPage":{"@id":"https:\/\/cabinetdeluxo.fr\/index.php\/luxopuncture-clermont-ferrand\/#primaryimage"},"image":{"@id":"https:\/\/cabinetdeluxo.fr\/index.php\/luxopuncture-clermont-ferrand\/#primaryimage"},"thumbnailUrl":"https:\/\/cabinetdeluxo.fr\/wp-content\/uploads\/2015\/12\/IMG_20160303_145728.jpg","datePublished":"2015-12-03T15:09:08+00:00","dateModified":"2021-03-06T11:10:39+00:00","description":"Luxopuncture : stimulation des points \u00e9nerg\u00e9tiques d'acupuncture pour la perte de poids, la gestion du stress, des \u00e9motions, et l'arr\u00eat du tabac","breadcrumb":{"@id":"https:\/\/cabinetdeluxo.fr\/index.php\/luxopuncture-clermont-ferrand\/#breadcrumb"},"inLanguage":"fr-FR","potentialAction":[{"@type":"ReadAction","target":["https:\/\/cabinetdeluxo.fr\/index.php\/luxopuncture-clermont-ferrand\/"]}]},{"@type":"ImageObject","inLanguage":"fr-FR","@id":"https:\/\/cabinetdeluxo.fr\/index.php\/luxopuncture-clermont-ferrand\/#primaryimage","url":"https:\/\/cabinetdeluxo.fr\/wp-content\/uploads\/2015\/12\/IMG_20160303_145728.jpg","contentUrl":"https:\/\/cabinetdeluxo.fr\/wp-content\/uploads\/2015\/12\/IMG_20160303_145728.jpg","width":4032,"height":3024},{"@type":"BreadcrumbList","@id":"https:\/\/cabinetdeluxo.fr\/index.php\/luxopuncture-clermont-ferrand\/#breadcrumb","itemListElement":[{"@type":"ListItem","position":1,"name":"Accueil","item":"http:\/\/cabinetdeluxo.fr\/"},{"@type":"ListItem","position":2,"name":"la luxopuncture"}]},{"@type":"WebSite","@id":"http:\/\/cabinetdeluxo.fr\/#website","url":"http:\/\/cabinetdeluxo.fr\/","name":"cabinet de luxo","description":"","potentialAction":[{"@type":"SearchAction","target":{"@type":"EntryPoint","urlTemplate":"http:\/\/cabinetdeluxo.fr\/?s={search_term_string}"},"query-input":{"@type":"PropertyValueSpecification","valueRequired":true,"valueName":"search_term_string"}}],"inLanguage":"fr-FR"}]}},"_links":{"self":[{"href":"https:\/\/cabinetdeluxo.fr\/index.php\/wp-json\/wp\/v2\/pages\/5","targetHints":{"allow":["GET"]}}],"collection":[{"href":"https:\/\/cabinetdeluxo.fr\/index.php\/wp-json\/wp\/v2\/pages"}],"about":[{"href":"https:\/\/cabinetdeluxo.fr\/index.php\/wp-json\/wp\/v2\/types\/page"}],"author":[{"embeddable":true,"href":"https:\/\/cabinetdeluxo.fr\/index.php\/wp-json\/wp\/v2\/users\/1"}],"replies":[{"embeddable":true,"href":"https:\/\/cabinetdeluxo.fr\/index.php\/wp-json\/wp\/v2\/comments?post=5"}],"version-history":[{"count":52,"href":"https:\/\/cabinetdeluxo.fr\/index.php\/wp-json\/wp\/v2\/pages\/5\/revisions"}],"predecessor-version":[{"id":532,"href":"https:\/\/cabinetdeluxo.fr\/index.php\/wp-json\/wp\/v2\/pages\/5\/revisions\/532"}],"wp:featuredmedia":[{"embeddable":true,"href":"https:\/\/cabinetdeluxo.fr\/index.php\/wp-json\/wp\/v2\/media\/212"}],"wp:attachment":[{"href":"https:\/\/cabinetdeluxo.fr\/index.php\/wp-json\/wp\/v2\/media?parent=5"}],"curies":[{"name":"wp","href":"https:\/\/api.w.org\/{rel}","templated":true}]}}