{"id":15,"date":"2015-12-03T16:12:09","date_gmt":"2015-12-03T15:12:09","guid":{"rendered":"http:\/\/www.cabinetdeluxo.fr\/?page_id=15"},"modified":"2021-03-06T12:13:58","modified_gmt":"2021-03-06T11:13:58","slug":"bien-etre-menopause","status":"publish","type":"page","link":"https:\/\/cabinetdeluxo.fr\/index.php\/bien-etre-menopause\/","title":{"rendered":"bien-\u00eatre m\u00e9nopause"},"content":{"rendered":"<h1 style=\"text-align: justify;\"><span style=\"color: #b21221;\">D\u00e9couvrez comment mieux vivre l&rsquo;arriv\u00e9e&nbsp;de la m\u00e9nopause<\/span><\/h1>\n<p style=\"text-align: justify;\">P\u00e9riode d\u00e9licate, et pourtant incontournable dans la vie de toutes les femmes, le d\u00e9but de la m\u00e9nopause entra\u00eene des sensations et des effets qui peuvent \u00eatre d\u00e9sagr\u00e9ables.<\/p>\n<p style=\"text-align: justify;\">Bouff\u00e9es de chaleur, sautes d\u2019humeur, prise de poids, enflement, probl\u00e8mes du sommeil&#8230; Les troubles sont nombreux et peuvent vous g\u00e2cher la vie. Ils ne sont pas pour autant une fatalit\u00e9.<\/p>\n<h2 style=\"text-align: justify;\"><span style=\"color: #b21221;\">Vous cherchez une m\u00e9thode naturelle, durable et sans effets secondaires ?<\/span><\/h2>\n<p style=\"text-align: justify;\">La <a href=\"http:\/\/cabinetdeluxo.fr\/index.php\/luxopuncture-clermont-ferrand\/\">luxopuncture<\/a>, gr\u00e2ce \u00e0 son action douce et relaxante, va contribuer \u00e0 l\u2019att\u00e9nuation et au solutionnement durable des sympt\u00f4mes de la m\u00e9nopause.<\/p>\n<p style=\"text-align: justify;\">Ainsi, vous vous sentirez mieux et vous traverserez cette \u00e9tape de votre vie de femme en toute s\u00e9r\u00e9nit\u00e9 !<\/p>\n<p style=\"text-align: justify;\">La luxo est une m\u00e9thode douce et naturelle, sans traitement hormonal donc sans contre-indication m\u00e9dicale. C&rsquo;est une solution alternative aux traitements m\u00e9dicamenteux et hormonaux classiques. Une vraie m\u00e9thode pour mieux vivre votre m\u00e9nopause.<\/p>\n<h2 style=\"text-align: justify;\"><span style=\"color: #b21221;\">Ce que la luxopuncture peut vous apporter :<\/span><\/h2>\n<p>\u2713 Diminuer vos bouff\u00e9es de chaleur<\/p>\n<p>\u2713 Limiter votre prise de poids et l&rsquo;enflement de votre corps<\/p>\n<p>\u2713 Avoir un sommeil r\u00e9parateur : stop aux r\u00e9veils nocturnes<\/p>\n<p>\u2713 G\u00e9rer vos \u00e9motions et votre humeur<\/p>\n<h2 style=\"text-align: justify;\"><span style=\"color: #b21221;\">Oubliez&nbsp;votre m\u00e9nopause aujourd&rsquo;hui<\/span><\/h2>\n<p style=\"text-align: justify;\">Chaque&nbsp;s\u00e9ance de luxopuncture dure environ une heure et les premiers r\u00e9sultats sont g\u00e9n\u00e9ralement ressentis d\u00e8s la deuxi\u00e8me s\u00e9ance.<\/p>\n<p style=\"text-align: justify;\">Changez votre vie maintenant et oubliez vos sympt\u00f4mes !<\/p>\n<p style=\"text-align: center;\"><a class=\"fasc-button fasc-size-xlarge fasc-type-popout fasc-rounded-medium fasc-style-bold\" style=\"background-color: #b21221; color: #ffffff;\" href=\"http:\/\/cabinetdeluxo.fr\/index.php\/contact-et-plan-d-acces\/\">Je souhaite obtenir un rendez-vous<\/a><\/p>\n<p>&nbsp;<\/p>\n<p><strong>Nombreux sont ceux qui ont d\u00e9j\u00e0 fait appel au cabinet de luxo. Vous \u00eates curieux ? D<\/strong><strong>\u00e9couvrez leurs t\u00e9moignages : <a href=\"https:\/\/g.page\/cabinetdeluxo\/review?av\">https:\/\/g.page\/cabinetdeluxo\/review?av<\/a><\/strong><\/p>\n<p>&nbsp;<\/p>\n","protected":false},"excerpt":{"rendered":"<p>D\u00e9couvrez comment mieux vivre l&rsquo;arriv\u00e9e&nbsp;de la m\u00e9nopause P\u00e9riode d\u00e9licate, et pourtant incontournable dans la vie de toutes les femmes, le d\u00e9but de la m\u00e9nopause entra\u00eene des sensations et des effets qui peuvent \u00eatre d\u00e9sagr\u00e9ables. Bouff\u00e9es de chaleur, sautes d\u2019humeur, prise de poids, enflement, probl\u00e8mes du sommeil&#8230; Les troubles sont nombreux et peuvent vous g\u00e2cher la [&hellip;]<\/p>\n","protected":false},"author":1,"featured_media":19,"parent":0,"menu_order":60,"comment_status":"closed","ping_status":"closed","template":"","meta":{"footnotes":""},"class_list":["post-15","page","type-page","status-publish","has-post-thumbnail","hentry"],"yoast_head":"<!-- This site is optimized with the Yoast SEO plugin v24.8.1 - https:\/\/yoast.com\/wordpress\/plugins\/seo\/ -->\n<title>Troubles de la m\u00e9nopause : d\u00e9couvrez la luxopuncture, m\u00e9thode naturelle et durable \u00e0 Clermont-Fd<\/title>\n<meta name=\"description\" content=\"Irritabilit\u00e9, manque de sommeil, bouff\u00e9e de chaleur, prise de poids... Oubliez les sympt\u00f4mes de la m\u00e9nopause avec la luxo -&gt; RDV 31 rue Gonod \u00e0 Clermont-Fd\" \/>\n<meta name=\"robots\" content=\"index, follow, max-snippet:-1, max-image-preview:large, max-video-preview:-1\" \/>\n<link rel=\"canonical\" href=\"https:\/\/cabinetdeluxo.fr\/index.php\/bien-etre-menopause\/\" \/>\n<meta property=\"og:locale\" content=\"fr_FR\" \/>\n<meta property=\"og:type\" content=\"article\" \/>\n<meta property=\"og:title\" content=\"Troubles de la m\u00e9nopause : d\u00e9couvrez la luxopuncture, m\u00e9thode naturelle et durable \u00e0 Clermont-Fd\" \/>\n<meta property=\"og:description\" content=\"Irritabilit\u00e9, manque de sommeil, bouff\u00e9e de chaleur, prise de poids... Oubliez les sympt\u00f4mes de la m\u00e9nopause avec la luxo -&gt; RDV 31 rue Gonod \u00e0 Clermont-Fd\" \/>\n<meta property=\"og:url\" content=\"https:\/\/cabinetdeluxo.fr\/index.php\/bien-etre-menopause\/\" \/>\n<meta property=\"og:site_name\" content=\"cabinet de luxo\" \/>\n<meta property=\"article:modified_time\" content=\"2021-03-06T11:13:58+00:00\" \/>\n<meta property=\"og:image\" content=\"https:\/\/cabinetdeluxo.fr\/wp-content\/uploads\/2015\/12\/page-daccueil.png\" \/>\n\t<meta property=\"og:image:width\" content=\"1536\" \/>\n\t<meta property=\"og:image:height\" content=\"775\" \/>\n\t<meta property=\"og:image:type\" content=\"image\/png\" \/>\n<meta name=\"twitter:card\" content=\"summary_large_image\" \/>\n<meta name=\"twitter:label1\" content=\"Dur\u00e9e de lecture estim\u00e9e\" \/>\n\t<meta name=\"twitter:data1\" content=\"2 minutes\" \/>\n<script type=\"application\/ld+json\" class=\"yoast-schema-graph\">{\"@context\":\"https:\/\/schema.org\",\"@graph\":[{\"@type\":\"WebPage\",\"@id\":\"https:\/\/cabinetdeluxo.fr\/index.php\/bien-etre-menopause\/\",\"url\":\"https:\/\/cabinetdeluxo.fr\/index.php\/bien-etre-menopause\/\",\"name\":\"Troubles de la m\u00e9nopause : d\u00e9couvrez la luxopuncture, m\u00e9thode naturelle et durable \u00e0 Clermont-Fd\",\"isPartOf\":{\"@id\":\"https:\/\/cabinetdeluxo.fr\/#website\"},\"primaryImageOfPage\":{\"@id\":\"https:\/\/cabinetdeluxo.fr\/index.php\/bien-etre-menopause\/#primaryimage\"},\"image\":{\"@id\":\"https:\/\/cabinetdeluxo.fr\/index.php\/bien-etre-menopause\/#primaryimage\"},\"thumbnailUrl\":\"https:\/\/cabinetdeluxo.fr\/wp-content\/uploads\/2015\/12\/page-daccueil.png\",\"datePublished\":\"2015-12-03T15:12:09+00:00\",\"dateModified\":\"2021-03-06T11:13:58+00:00\",\"description\":\"Irritabilit\u00e9, manque de sommeil, bouff\u00e9e de chaleur, prise de poids... Oubliez les sympt\u00f4mes de la m\u00e9nopause avec la luxo -> RDV 31 rue Gonod \u00e0 Clermont-Fd\",\"breadcrumb\":{\"@id\":\"https:\/\/cabinetdeluxo.fr\/index.php\/bien-etre-menopause\/#breadcrumb\"},\"inLanguage\":\"fr-FR\",\"potentialAction\":[{\"@type\":\"ReadAction\",\"target\":[\"https:\/\/cabinetdeluxo.fr\/index.php\/bien-etre-menopause\/\"]}]},{\"@type\":\"ImageObject\",\"inLanguage\":\"fr-FR\",\"@id\":\"https:\/\/cabinetdeluxo.fr\/index.php\/bien-etre-menopause\/#primaryimage\",\"url\":\"https:\/\/cabinetdeluxo.fr\/wp-content\/uploads\/2015\/12\/page-daccueil.png\",\"contentUrl\":\"https:\/\/cabinetdeluxo.fr\/wp-content\/uploads\/2015\/12\/page-daccueil.png\",\"width\":1536,\"height\":775},{\"@type\":\"BreadcrumbList\",\"@id\":\"https:\/\/cabinetdeluxo.fr\/index.php\/bien-etre-menopause\/#breadcrumb\",\"itemListElement\":[{\"@type\":\"ListItem\",\"position\":1,\"name\":\"Accueil\",\"item\":\"https:\/\/cabinetdeluxo.fr\/\"},{\"@type\":\"ListItem\",\"position\":2,\"name\":\"bien-\u00eatre m\u00e9nopause\"}]},{\"@type\":\"WebSite\",\"@id\":\"https:\/\/cabinetdeluxo.fr\/#website\",\"url\":\"https:\/\/cabinetdeluxo.fr\/\",\"name\":\"cabinet de luxo\",\"description\":\"\",\"potentialAction\":[{\"@type\":\"SearchAction\",\"target\":{\"@type\":\"EntryPoint\",\"urlTemplate\":\"https:\/\/cabinetdeluxo.fr\/?s={search_term_string}\"},\"query-input\":{\"@type\":\"PropertyValueSpecification\",\"valueRequired\":true,\"valueName\":\"search_term_string\"}}],\"inLanguage\":\"fr-FR\"}]}<\/script>\n<!-- \/ Yoast SEO plugin. -->","yoast_head_json":{"title":"Troubles de la m\u00e9nopause : d\u00e9couvrez la luxopuncture, m\u00e9thode naturelle et durable \u00e0 Clermont-Fd","description":"Irritabilit\u00e9, manque de sommeil, bouff\u00e9e de chaleur, prise de poids... Oubliez les sympt\u00f4mes de la m\u00e9nopause avec la luxo -> RDV 31 rue Gonod \u00e0 Clermont-Fd","robots":{"index":"index","follow":"follow","max-snippet":"max-snippet:-1","max-image-preview":"max-image-preview:large","max-video-preview":"max-video-preview:-1"},"canonical":"https:\/\/cabinetdeluxo.fr\/index.php\/bien-etre-menopause\/","og_locale":"fr_FR","og_type":"article","og_title":"Troubles de la m\u00e9nopause : d\u00e9couvrez la luxopuncture, m\u00e9thode naturelle et durable \u00e0 Clermont-Fd","og_description":"Irritabilit\u00e9, manque de sommeil, bouff\u00e9e de chaleur, prise de poids... Oubliez les sympt\u00f4mes de la m\u00e9nopause avec la luxo -> RDV 31 rue Gonod \u00e0 Clermont-Fd","og_url":"https:\/\/cabinetdeluxo.fr\/index.php\/bien-etre-menopause\/","og_site_name":"cabinet de luxo","article_modified_time":"2021-03-06T11:13:58+00:00","og_image":[{"width":1536,"height":775,"url":"https:\/\/cabinetdeluxo.fr\/wp-content\/uploads\/2015\/12\/page-daccueil.png","type":"image\/png"}],"twitter_card":"summary_large_image","twitter_misc":{"Dur\u00e9e de lecture estim\u00e9e":"2 minutes"},"schema":{"@context":"https:\/\/schema.org","@graph":[{"@type":"WebPage","@id":"https:\/\/cabinetdeluxo.fr\/index.php\/bien-etre-menopause\/","url":"https:\/\/cabinetdeluxo.fr\/index.php\/bien-etre-menopause\/","name":"Troubles de la m\u00e9nopause : d\u00e9couvrez la luxopuncture, m\u00e9thode naturelle et durable \u00e0 Clermont-Fd","isPartOf":{"@id":"https:\/\/cabinetdeluxo.fr\/#website"},"primaryImageOfPage":{"@id":"https:\/\/cabinetdeluxo.fr\/index.php\/bien-etre-menopause\/#primaryimage"},"image":{"@id":"https:\/\/cabinetdeluxo.fr\/index.php\/bien-etre-menopause\/#primaryimage"},"thumbnailUrl":"https:\/\/cabinetdeluxo.fr\/wp-content\/uploads\/2015\/12\/page-daccueil.png","datePublished":"2015-12-03T15:12:09+00:00","dateModified":"2021-03-06T11:13:58+00:00","description":"Irritabilit\u00e9, manque de sommeil, bouff\u00e9e de chaleur, prise de poids... Oubliez les sympt\u00f4mes de la m\u00e9nopause avec la luxo -> RDV 31 rue Gonod \u00e0 Clermont-Fd","breadcrumb":{"@id":"https:\/\/cabinetdeluxo.fr\/index.php\/bien-etre-menopause\/#breadcrumb"},"inLanguage":"fr-FR","potentialAction":[{"@type":"ReadAction","target":["https:\/\/cabinetdeluxo.fr\/index.php\/bien-etre-menopause\/"]}]},{"@type":"ImageObject","inLanguage":"fr-FR","@id":"https:\/\/cabinetdeluxo.fr\/index.php\/bien-etre-menopause\/#primaryimage","url":"https:\/\/cabinetdeluxo.fr\/wp-content\/uploads\/2015\/12\/page-daccueil.png","contentUrl":"https:\/\/cabinetdeluxo.fr\/wp-content\/uploads\/2015\/12\/page-daccueil.png","width":1536,"height":775},{"@type":"BreadcrumbList","@id":"https:\/\/cabinetdeluxo.fr\/index.php\/bien-etre-menopause\/#breadcrumb","itemListElement":[{"@type":"ListItem","position":1,"name":"Accueil","item":"https:\/\/cabinetdeluxo.fr\/"},{"@type":"ListItem","position":2,"name":"bien-\u00eatre m\u00e9nopause"}]},{"@type":"WebSite","@id":"https:\/\/cabinetdeluxo.fr\/#website","url":"https:\/\/cabinetdeluxo.fr\/","name":"cabinet de luxo","description":"","potentialAction":[{"@type":"SearchAction","target":{"@type":"EntryPoint","urlTemplate":"https:\/\/cabinetdeluxo.fr\/?s={search_term_string}"},"query-input":{"@type":"PropertyValueSpecification","valueRequired":true,"valueName":"search_term_string"}}],"inLanguage":"fr-FR"}]}},"_links":{"self":[{"href":"https:\/\/cabinetdeluxo.fr\/index.php\/wp-json\/wp\/v2\/pages\/15","targetHints":{"allow":["GET"]}}],"collection":[{"href":"https:\/\/cabinetdeluxo.fr\/index.php\/wp-json\/wp\/v2\/pages"}],"about":[{"href":"https:\/\/cabinetdeluxo.fr\/index.php\/wp-json\/wp\/v2\/types\/page"}],"author":[{"embeddable":true,"href":"https:\/\/cabinetdeluxo.fr\/index.php\/wp-json\/wp\/v2\/users\/1"}],"replies":[{"embeddable":true,"href":"https:\/\/cabinetdeluxo.fr\/index.php\/wp-json\/wp\/v2\/comments?post=15"}],"version-history":[{"count":18,"href":"https:\/\/cabinetdeluxo.fr\/index.php\/wp-json\/wp\/v2\/pages\/15\/revisions"}],"predecessor-version":[{"id":536,"href":"https:\/\/cabinetdeluxo.fr\/index.php\/wp-json\/wp\/v2\/pages\/15\/revisions\/536"}],"wp:featuredmedia":[{"embeddable":true,"href":"https:\/\/cabinetdeluxo.fr\/index.php\/wp-json\/wp\/v2\/media\/19"}],"wp:attachment":[{"href":"https:\/\/cabinetdeluxo.fr\/index.php\/wp-json\/wp\/v2\/media?parent=15"}],"curies":[{"name":"wp","href":"https:\/\/api.w.org\/{rel}","templated":true}]}}