{"id":7,"date":"2015-12-03T16:09:28","date_gmt":"2015-12-03T15:09:28","guid":{"rendered":"http:\/\/www.cabinetdeluxo.fr\/?page_id=7"},"modified":"2021-04-22T12:26:54","modified_gmt":"2021-04-22T11:26:54","slug":"amincissement","status":"publish","type":"page","link":"http:\/\/cabinetdeluxo.fr\/index.php\/amincissement\/","title":{"rendered":"gestion du poids"},"content":{"rendered":"<h1><span style=\"color: #b21221;\"><b>Perdre du <span style=\"color: #b21221;\">poids<\/span> durablement et sans r\u00e9gime avec la luxopuncture<\/b><\/span><\/h1>\n<p>&nbsp;<\/p>\n<h2><span style=\"color: #b21221;\"><b>Oubliez les r\u00e9gimes pour perdre du poids !<\/b><\/span><\/h2>\n<p><span style=\"font-weight: 400;\">Vous avez envie de <\/span><b>perdre du poids<\/b><span style=\"font-weight: 400;\"> ? Pour autant, vous en avez assez des r\u00e9gimes, des restrictions, et de revivre \u00e0 chaque fois l\u2019incontournable \u201ceffet yo-yo\u201d ? <\/span><\/p>\n<p><span style=\"font-weight: 400;\">Peser vos aliments, manger 100 grammes de f\u00e9culents, ne pas sauter de repas, prendre des collations alors que vous n\u2019en ressentez pas le besoin, redouter la faim, bannir le sucre, supprimer le chocolat, manger des l\u00e9gumes \u00e0 l&rsquo;eau alors que vous aimez cuisiner\u2026 <\/span><\/p>\n<p><span style=\"font-weight: 400;\">Et les cheat meals ? Les repas joker ou libert\u00e9 ? Cette belle id\u00e9e qui r\u00e9compense vos efforts de restriction par un bon craquage alimentaire\u2026.<\/span><\/p>\n<p><span style=\"font-weight: 400;\">A quand remonte la derni\u00e8re fois que vous avez mang\u00e9 sans vous poser de question ? <\/span><\/p>\n<p><span style=\"font-weight: 400;\">A quand remonte la derni\u00e8re fois que vous avez \u00e9prouv\u00e9 du <\/span><b>plaisir \u00e0 manger<\/b><span style=\"font-weight: 400;\"> sans vous frustrer et sans culpabiliser ensuite ?<\/span><\/p>\n<h3 style=\"text-align: center;\">Dites <b>STOP<\/b> \u00e0 ces r\u00e9gimes amaigrissants qui vous feront in\u00e9vitablement grossir davantage \u00e0 terme !<\/h3>\n<p><img loading=\"lazy\" decoding=\"async\" class=\"aligncenter size-medium wp-image-379\" src=\"http:\/\/cabinetdeluxo.fr\/wp-content\/uploads\/2015\/12\/stop-regime-perte-de-poids-cabinet-luxo-clermont-300x227.png\" alt=\"stop-regime-perte-de-poids-cabinet-luxo-clermont\" width=\"300\" height=\"227\" srcset=\"http:\/\/cabinetdeluxo.fr\/wp-content\/uploads\/2015\/12\/stop-regime-perte-de-poids-cabinet-luxo-clermont-300x227.png 300w, http:\/\/cabinetdeluxo.fr\/wp-content\/uploads\/2015\/12\/stop-regime-perte-de-poids-cabinet-luxo-clermont-73x55.png 73w, http:\/\/cabinetdeluxo.fr\/wp-content\/uploads\/2015\/12\/stop-regime-perte-de-poids-cabinet-luxo-clermont.png 640w\" sizes=\"auto, (max-width: 300px) 100vw, 300px\" \/><\/p>\n<p>&nbsp;<\/p>\n<p><span style=\"font-weight: 400;\">Je vous propose de <\/span><b>d\u00e9couvrir ma m\u00e9thode simple et facile \u00e0 suivre<\/b><span style=\"font-weight: 400;\">. <\/span><\/p>\n<p><span style=\"font-weight: 400;\">Elle vous permettra de <\/span><b>perdre du poids sainement<\/b><span style=\"font-weight: 400;\">, <\/span><span style=\"font-weight: 400;\">sans r\u00e9gime<\/span><span style=\"font-weight: 400;\"> et sans frustration, d\u2019\u00e9couter votre corps, vos besoins, vos envies, et de vous r\u00e9concilier avec votre alimentation.<\/span><\/p>\n<p>Vous voulez en savoir plus sur la m\u00e9thode que je pratique pour vous accompagner ?<\/p>\n<p>Rendez vous dans l&rsquo;onglet : <a href=\"http:\/\/cabinetdeluxo.fr\/index.php\/la-methode-bps\/\">La M\u00e9thode BPS<\/a><\/p>\n<p>&nbsp;<\/p>\n<h2><span style=\"color: #b21221;\"><b>La m\u00e9thode en 8 points cl\u00e9s pour maigrir sans r\u00e9gime ni restriction<\/b><\/span><\/h2>\n<ul>\n<li style=\"list-style-type: none;\">\n<ul>\n<li><span style=\"font-weight: 400;\">Retrouvez le <\/span><b>plaisir de manger<\/b><span style=\"font-weight: 400;\"> lorsque vous avez faim.<\/span><\/li>\n<li><span style=\"font-weight: 400;\">Apprenez \u00e0 d\u00e9tecter \u00e0 nouveau vos <\/span><b>sensations<\/b><span style=\"font-weight: 400;\"> de rassasiement.<\/span><\/li>\n<li><span style=\"font-weight: 400;\">Retrouvez le <\/span><b>plaisir gustatif<\/b><span style=\"font-weight: 400;\">, et un comportement alimentaire social sain.<\/span><\/li>\n<li><span style=\"font-weight: 400;\">Apprenez \u00e0 \u00e9couter et respecter vos&nbsp;<\/span><b>app\u00e9tits&nbsp;sp\u00e9cifiques<\/b><span style=\"font-weight: 400;\">. <\/span><\/li>\n<li><b>Lib\u00e9rez vous des id\u00e9es re\u00e7ues<\/b><span style=\"font-weight: 400;\"> sur les comportements \u00e0 avoir face \u00e0 certains types d\u2019aliments jug\u00e9s \u00ab\u00a0grossissants\u00a0\u00bb.<\/span><\/li>\n<li><span style=\"font-weight: 400;\">Identifiez et g\u00e9rez vos <\/span><b>\u00e9motions<\/b><span style=\"font-weight: 400;\">.<\/span><\/li>\n<li><b>Profitez \u00e0 nouveau des repas<\/b><span style=\"font-weight: 400;\">, et arr\u00eatez de continuellement \u201cfaire attention\u201d !<\/span><\/li>\n<li><span style=\"font-weight: 400;\">Mangez \u201ccomme les autres\u201d, et g\u00e9rez votre poids en toute s\u00e9r\u00e9nit\u00e9, <\/span><b>sans effort et sans contrainte<\/b><span style=\"font-weight: 400;\">.<\/span><\/li>\n<\/ul>\n<\/li>\n<\/ul>\n<p>&nbsp;<\/p>\n<h2><span style=\"color: #b21221;\"><b>Pourquoi cette m\u00e9thode est-elle efficace ?<\/b><\/span><\/h2>\n<p><span style=\"font-weight: 400;\">La <\/span><b>r\u00e9ussite de cette m\u00e9thode<\/b><span style=\"font-weight: 400;\"> r\u00e9side dans son approche compl\u00e8te et globale. <\/span><\/p>\n<p><span style=\"font-weight: 400;\">L\u2019association de la <a href=\"http:\/\/cabinetdeluxo.fr\/index.php\/luxopuncture-clermont-ferrand\/\">luxopuncture<\/a> avec un coaching personnalis\u00e9 et une m\u00e9thode de perte de poids coh\u00e9rente et durable permet de mettre <strong>le corps et l\u2019esprit dans la m\u00eame direction<\/strong>, tous les deux par\u00e9s \u00e0 atteindre un objectif commun.<\/span><\/p>\n<p>&nbsp;<\/p>\n<h3><a href=\"http:\/\/cabinetdeluxo.fr\/wp-content\/uploads\/2016\/01\/cropped-picto.jpg\" rel=\"attachment wp-att-29\"><img loading=\"lazy\" decoding=\"async\" class=\"alignnone wp-image-29\" src=\"http:\/\/cabinetdeluxo.fr\/wp-content\/uploads\/2016\/01\/cropped-picto.jpg\" alt=\"perdre du poids clermont\" width=\"82\" height=\"82\" srcset=\"http:\/\/cabinetdeluxo.fr\/wp-content\/uploads\/2016\/01\/cropped-picto.jpg 512w, http:\/\/cabinetdeluxo.fr\/wp-content\/uploads\/2016\/01\/cropped-picto-150x150.jpg 150w, http:\/\/cabinetdeluxo.fr\/wp-content\/uploads\/2016\/01\/cropped-picto-300x300.jpg 300w, http:\/\/cabinetdeluxo.fr\/wp-content\/uploads\/2016\/01\/cropped-picto-55x55.jpg 55w, http:\/\/cabinetdeluxo.fr\/wp-content\/uploads\/2016\/01\/cropped-picto-270x270.jpg 270w, http:\/\/cabinetdeluxo.fr\/wp-content\/uploads\/2016\/01\/cropped-picto-192x192.jpg 192w, http:\/\/cabinetdeluxo.fr\/wp-content\/uploads\/2016\/01\/cropped-picto-180x180.jpg 180w, http:\/\/cabinetdeluxo.fr\/wp-content\/uploads\/2016\/01\/cropped-picto-32x32.jpg 32w\" sizes=\"auto, (max-width: 82px) 100vw, 82px\" \/><\/a>&nbsp; La m\u00e9thode : luxopuncture &amp; coaching personnel sur la coh\u00e9rence alimentaire<\/h3>\n<p><span style=\"font-weight: 400;\">La <\/span><b>luxopuncture<\/b><span style=\"font-weight: 400;\"> va rapidement vous permettre de r\u00e9guler votre app\u00e9tit, de couper vos compulsions, de calmer vos envies, et de stimuler le drainage lymphatique. Son effet relaxant vous permettra \u00e9galement d\u2019aborder votre changement de comportement alimentaire de mani\u00e8re sereine et confiante.<\/span><\/p>\n<p><span style=\"font-weight: 400;\">En compl\u00e9ment de la luxo, \u00eatre <\/span><b>coach\u00e9&nbsp;<\/b><span style=\"font-weight: 400;\"><b>personnellement<\/b> va vous permettre de reprendre confiance en votre capacit\u00e9 \u00e0 r\u00e9ussir \u00e0 perdre le poids qui vous encombre. \u00catre bien accompagn\u00e9 et se sentir fort, c&rsquo;est l&rsquo;assurance de pouvoir mettre en place un mode de pens\u00e9e avec des actions concr\u00e8tes et coh\u00e9rentes et ainsi vous rendre acteur de l\u2019atteinte de vos objectifs.&nbsp;<\/span><\/p>\n<p>&nbsp;<\/p>\n<h2><span style=\"color: #b21221;\"><b>Apprenez \u00e0 g\u00e9rer votre poids<\/b><\/span><\/h2>\n<p><span style=\"font-weight: 400;\">Les troubles du comportement alimentaire ne touchent pas uniquement les personnes en surpoids, mais plus g\u00e9n\u00e9ralement les personnes pour qui l\u2019alimentation est devenue un probl\u00e8me, un questionnement permanent, ou une source de frustration. <\/span><\/p>\n<p><span style=\"font-weight: 400;\">Quelle que soit votre situation, avant tout d\u00e9but d\u2019un suivi de gestion de poids, un bilan de l&rsquo;\u00e9tat de votre comportement actuel est n\u00e9cessaire. Il me permettra de vous connaitre, de d\u00e9celer vos forces et vos faiblesses, de faire le point sur vous, vos attentes et vos objectifs. Mais \u00e9galement et surtout <strong>d&rsquo;adapter ma m\u00e9thode \u00e0 vous !<\/strong><\/span><\/p>\n<h3><span style=\"color: #b21221;\"><span style=\"color: #b21221;\">Vous \u00eates <span style=\"font-size: 24.96px;\">pr\u00eat<\/span> \u00e0 changer durablement ?<\/span><\/span><\/h3>\n<p><strong>Contactez-moi&#8230;<\/strong><\/p>\n<p style=\"text-align: center;\"><a class=\"fasc-button fasc-size-xlarge fasc-type-popout fasc-rounded-medium fasc-style-bold\" style=\"background-color: #b21221; color: #ffffff;\" href=\"http:\/\/cabinetdeluxo.fr\/index.php\/contact-et-plan-d-acces\/\">Je veux obtenir un rendez-vous !<\/a>&nbsp;<\/p>\n<p>&nbsp;<\/p>\n<p><strong>Nombreux sont ceux qui ont d\u00e9j\u00e0 fait appel au cabinet de luxo. Vous \u00eates curieux ? D<\/strong><strong>\u00e9couvrez leurs t\u00e9moignages : <a href=\"https:\/\/g.page\/cabinetdeluxo\/review?av\">https:\/\/g.page\/cabinetdeluxo\/review?av<\/a><\/strong><\/p>\n","protected":false},"excerpt":{"rendered":"<p>Perdre du poids durablement et sans r\u00e9gime avec la luxopuncture &nbsp; Oubliez les r\u00e9gimes pour perdre du poids ! Vous avez envie de perdre du poids ? Pour autant, vous en avez assez des r\u00e9gimes, des restrictions, et de revivre \u00e0 chaque fois l\u2019incontournable \u201ceffet yo-yo\u201d ? Peser vos aliments, manger 100 grammes de f\u00e9culents, [&hellip;]<\/p>\n","protected":false},"author":1,"featured_media":345,"parent":0,"menu_order":20,"comment_status":"closed","ping_status":"closed","template":"","meta":{"footnotes":""},"class_list":["post-7","page","type-page","status-publish","has-post-thumbnail","hentry"],"yoast_head":"<!-- This site is optimized with the Yoast SEO plugin v24.8.1 - https:\/\/yoast.com\/wordpress\/plugins\/seo\/ -->\n<title>Perdre du poids sans r\u00e9gime : la m\u00e9thode du Cabinet de Luxo<\/title>\n<meta name=\"description\" content=\"Perdre du poids et des kilos de fa\u00e7on naturelle et durable, sans r\u00e9gime gr\u00e2ce \u00e0 la luxopuncture. Bilan gratuit : cabinet de luxo, 31 rue Gonod, Clermont-Fd.\" \/>\n<meta name=\"robots\" content=\"index, follow, max-snippet:-1, max-image-preview:large, max-video-preview:-1\" \/>\n<link rel=\"canonical\" href=\"https:\/\/cabinetdeluxo.fr\/index.php\/amincissement\/\" \/>\n<meta property=\"og:locale\" content=\"fr_FR\" \/>\n<meta property=\"og:type\" content=\"article\" \/>\n<meta property=\"og:title\" content=\"Perdre du poids sans r\u00e9gime : la m\u00e9thode du Cabinet de Luxo\" \/>\n<meta property=\"og:description\" content=\"Perdre du poids et des kilos de fa\u00e7on naturelle et durable, sans r\u00e9gime gr\u00e2ce \u00e0 la luxopuncture. Bilan gratuit : cabinet de luxo, 31 rue Gonod, Clermont-Fd.\" \/>\n<meta property=\"og:url\" content=\"https:\/\/cabinetdeluxo.fr\/index.php\/amincissement\/\" \/>\n<meta property=\"og:site_name\" content=\"cabinet de luxo\" \/>\n<meta property=\"article:modified_time\" content=\"2021-04-22T11:26:54+00:00\" \/>\n<meta property=\"og:image\" content=\"https:\/\/cabinetdeluxo.fr\/wp-content\/uploads\/2015\/12\/cabinet-de-luxo_pubFB-2017_1.jpg\" \/>\n\t<meta property=\"og:image:width\" content=\"1150\" \/>\n\t<meta property=\"og:image:height\" content=\"650\" \/>\n\t<meta property=\"og:image:type\" content=\"image\/jpeg\" \/>\n<meta name=\"twitter:card\" content=\"summary_large_image\" \/>\n<meta name=\"twitter:label1\" content=\"Dur\u00e9e de lecture estim\u00e9e\" \/>\n\t<meta name=\"twitter:data1\" content=\"4 minutes\" \/>\n<script type=\"application\/ld+json\" class=\"yoast-schema-graph\">{\"@context\":\"https:\/\/schema.org\",\"@graph\":[{\"@type\":\"WebPage\",\"@id\":\"https:\/\/cabinetdeluxo.fr\/index.php\/amincissement\/\",\"url\":\"https:\/\/cabinetdeluxo.fr\/index.php\/amincissement\/\",\"name\":\"Perdre du poids sans r\u00e9gime : la m\u00e9thode du Cabinet de Luxo\",\"isPartOf\":{\"@id\":\"https:\/\/cabinetdeluxo.fr\/#website\"},\"primaryImageOfPage\":{\"@id\":\"https:\/\/cabinetdeluxo.fr\/index.php\/amincissement\/#primaryimage\"},\"image\":{\"@id\":\"https:\/\/cabinetdeluxo.fr\/index.php\/amincissement\/#primaryimage\"},\"thumbnailUrl\":\"http:\/\/cabinetdeluxo.fr\/wp-content\/uploads\/2015\/12\/cabinet-de-luxo_pubFB-2017_1.jpg\",\"datePublished\":\"2015-12-03T15:09:28+00:00\",\"dateModified\":\"2021-04-22T11:26:54+00:00\",\"description\":\"Perdre du poids et des kilos de fa\u00e7on naturelle et durable, sans r\u00e9gime gr\u00e2ce \u00e0 la luxopuncture. Bilan gratuit : cabinet de luxo, 31 rue Gonod, Clermont-Fd.\",\"breadcrumb\":{\"@id\":\"https:\/\/cabinetdeluxo.fr\/index.php\/amincissement\/#breadcrumb\"},\"inLanguage\":\"fr-FR\",\"potentialAction\":[{\"@type\":\"ReadAction\",\"target\":[\"https:\/\/cabinetdeluxo.fr\/index.php\/amincissement\/\"]}]},{\"@type\":\"ImageObject\",\"inLanguage\":\"fr-FR\",\"@id\":\"https:\/\/cabinetdeluxo.fr\/index.php\/amincissement\/#primaryimage\",\"url\":\"http:\/\/cabinetdeluxo.fr\/wp-content\/uploads\/2015\/12\/cabinet-de-luxo_pubFB-2017_1.jpg\",\"contentUrl\":\"http:\/\/cabinetdeluxo.fr\/wp-content\/uploads\/2015\/12\/cabinet-de-luxo_pubFB-2017_1.jpg\",\"width\":1150,\"height\":650},{\"@type\":\"BreadcrumbList\",\"@id\":\"https:\/\/cabinetdeluxo.fr\/index.php\/amincissement\/#breadcrumb\",\"itemListElement\":[{\"@type\":\"ListItem\",\"position\":1,\"name\":\"Accueil\",\"item\":\"https:\/\/cabinetdeluxo.fr\/\"},{\"@type\":\"ListItem\",\"position\":2,\"name\":\"gestion du poids\"}]},{\"@type\":\"WebSite\",\"@id\":\"https:\/\/cabinetdeluxo.fr\/#website\",\"url\":\"https:\/\/cabinetdeluxo.fr\/\",\"name\":\"cabinet de luxo\",\"description\":\"\",\"potentialAction\":[{\"@type\":\"SearchAction\",\"target\":{\"@type\":\"EntryPoint\",\"urlTemplate\":\"https:\/\/cabinetdeluxo.fr\/?s={search_term_string}\"},\"query-input\":{\"@type\":\"PropertyValueSpecification\",\"valueRequired\":true,\"valueName\":\"search_term_string\"}}],\"inLanguage\":\"fr-FR\"}]}<\/script>\n<!-- \/ Yoast SEO plugin. -->","yoast_head_json":{"title":"Perdre du poids sans r\u00e9gime : la m\u00e9thode du Cabinet de Luxo","description":"Perdre du poids et des kilos de fa\u00e7on naturelle et durable, sans r\u00e9gime gr\u00e2ce \u00e0 la luxopuncture. Bilan gratuit : cabinet de luxo, 31 rue Gonod, Clermont-Fd.","robots":{"index":"index","follow":"follow","max-snippet":"max-snippet:-1","max-image-preview":"max-image-preview:large","max-video-preview":"max-video-preview:-1"},"canonical":"https:\/\/cabinetdeluxo.fr\/index.php\/amincissement\/","og_locale":"fr_FR","og_type":"article","og_title":"Perdre du poids sans r\u00e9gime : la m\u00e9thode du Cabinet de Luxo","og_description":"Perdre du poids et des kilos de fa\u00e7on naturelle et durable, sans r\u00e9gime gr\u00e2ce \u00e0 la luxopuncture. Bilan gratuit : cabinet de luxo, 31 rue Gonod, Clermont-Fd.","og_url":"https:\/\/cabinetdeluxo.fr\/index.php\/amincissement\/","og_site_name":"cabinet de luxo","article_modified_time":"2021-04-22T11:26:54+00:00","og_image":[{"width":1150,"height":650,"url":"https:\/\/cabinetdeluxo.fr\/wp-content\/uploads\/2015\/12\/cabinet-de-luxo_pubFB-2017_1.jpg","type":"image\/jpeg"}],"twitter_card":"summary_large_image","twitter_misc":{"Dur\u00e9e de lecture estim\u00e9e":"4 minutes"},"schema":{"@context":"https:\/\/schema.org","@graph":[{"@type":"WebPage","@id":"https:\/\/cabinetdeluxo.fr\/index.php\/amincissement\/","url":"https:\/\/cabinetdeluxo.fr\/index.php\/amincissement\/","name":"Perdre du poids sans r\u00e9gime : la m\u00e9thode du Cabinet de Luxo","isPartOf":{"@id":"https:\/\/cabinetdeluxo.fr\/#website"},"primaryImageOfPage":{"@id":"https:\/\/cabinetdeluxo.fr\/index.php\/amincissement\/#primaryimage"},"image":{"@id":"https:\/\/cabinetdeluxo.fr\/index.php\/amincissement\/#primaryimage"},"thumbnailUrl":"http:\/\/cabinetdeluxo.fr\/wp-content\/uploads\/2015\/12\/cabinet-de-luxo_pubFB-2017_1.jpg","datePublished":"2015-12-03T15:09:28+00:00","dateModified":"2021-04-22T11:26:54+00:00","description":"Perdre du poids et des kilos de fa\u00e7on naturelle et durable, sans r\u00e9gime gr\u00e2ce \u00e0 la luxopuncture. Bilan gratuit : cabinet de luxo, 31 rue Gonod, Clermont-Fd.","breadcrumb":{"@id":"https:\/\/cabinetdeluxo.fr\/index.php\/amincissement\/#breadcrumb"},"inLanguage":"fr-FR","potentialAction":[{"@type":"ReadAction","target":["https:\/\/cabinetdeluxo.fr\/index.php\/amincissement\/"]}]},{"@type":"ImageObject","inLanguage":"fr-FR","@id":"https:\/\/cabinetdeluxo.fr\/index.php\/amincissement\/#primaryimage","url":"http:\/\/cabinetdeluxo.fr\/wp-content\/uploads\/2015\/12\/cabinet-de-luxo_pubFB-2017_1.jpg","contentUrl":"http:\/\/cabinetdeluxo.fr\/wp-content\/uploads\/2015\/12\/cabinet-de-luxo_pubFB-2017_1.jpg","width":1150,"height":650},{"@type":"BreadcrumbList","@id":"https:\/\/cabinetdeluxo.fr\/index.php\/amincissement\/#breadcrumb","itemListElement":[{"@type":"ListItem","position":1,"name":"Accueil","item":"https:\/\/cabinetdeluxo.fr\/"},{"@type":"ListItem","position":2,"name":"gestion du poids"}]},{"@type":"WebSite","@id":"https:\/\/cabinetdeluxo.fr\/#website","url":"https:\/\/cabinetdeluxo.fr\/","name":"cabinet de luxo","description":"","potentialAction":[{"@type":"SearchAction","target":{"@type":"EntryPoint","urlTemplate":"https:\/\/cabinetdeluxo.fr\/?s={search_term_string}"},"query-input":{"@type":"PropertyValueSpecification","valueRequired":true,"valueName":"search_term_string"}}],"inLanguage":"fr-FR"}]}},"_links":{"self":[{"href":"http:\/\/cabinetdeluxo.fr\/index.php\/wp-json\/wp\/v2\/pages\/7","targetHints":{"allow":["GET"]}}],"collection":[{"href":"http:\/\/cabinetdeluxo.fr\/index.php\/wp-json\/wp\/v2\/pages"}],"about":[{"href":"http:\/\/cabinetdeluxo.fr\/index.php\/wp-json\/wp\/v2\/types\/page"}],"author":[{"embeddable":true,"href":"http:\/\/cabinetdeluxo.fr\/index.php\/wp-json\/wp\/v2\/users\/1"}],"replies":[{"embeddable":true,"href":"http:\/\/cabinetdeluxo.fr\/index.php\/wp-json\/wp\/v2\/comments?post=7"}],"version-history":[{"count":39,"href":"http:\/\/cabinetdeluxo.fr\/index.php\/wp-json\/wp\/v2\/pages\/7\/revisions"}],"predecessor-version":[{"id":558,"href":"http:\/\/cabinetdeluxo.fr\/index.php\/wp-json\/wp\/v2\/pages\/7\/revisions\/558"}],"wp:featuredmedia":[{"embeddable":true,"href":"http:\/\/cabinetdeluxo.fr\/index.php\/wp-json\/wp\/v2\/media\/345"}],"wp:attachment":[{"href":"http:\/\/cabinetdeluxo.fr\/index.php\/wp-json\/wp\/v2\/media?parent=7"}],"curies":[{"name":"wp","href":"https:\/\/api.w.org\/{rel}","templated":true}]}}