{"id":13,"date":"2015-12-03T16:11:10","date_gmt":"2015-12-03T15:11:10","guid":{"rendered":"http:\/\/www.cabinetdeluxo.fr\/?page_id=13"},"modified":"2016-03-21T12:40:10","modified_gmt":"2016-03-21T11:40:10","slug":"rajeunissement-visage","status":"publish","type":"page","link":"http:\/\/cabinetdeluxo.fr\/index.php\/rajeunissement-visage\/","title":{"rendered":"rajeunissement visage"},"content":{"rendered":"<p style=\"text-align: justify;\">Avec l&rsquo;\u00e2ge, la production d\u2019\u00e9lastine et de collag\u00e8ne diminue, entra\u00eenant la perte de souplesse et de fermet\u00e9 de la peau. Les muscles faciaux se rel\u00e2chent \u00e9galement et les rides d&rsquo;expression apparaissent.<\/p>\n<p style=\"text-align: justify;\">La luxopuncture va agir sur le drainage lymphatique, la microcirculation du visage, et sur la stimulation musculaire.<\/p>\n<p style=\"text-align: justify;\">Elle\u00a0va ainsi vous aider \u00e0 retrouver un teint plus lumineux, att\u00e9nuer rides et cernes, d\u00e9congestionner le visage et les poches sous les yeux, raffermir votre peau en lui donnant plus de souplesse et de fermet\u00e9, et redessiner l&rsquo;ovale de votre visage.<\/p>\n<p style=\"text-align: justify;\">Ce soin est apaisant, relaxant, et repr\u00e9sente une v\u00e9ritable alternative, naturelle et indolore, pour les visages qui commencent \u00e0 se marquer, sans pour autant aller directement vers les injections ou la chirurgie.<\/p>\n<p>&nbsp;<\/p>\n<p><script>\n  (function(i,s,o,g,r,a,m){i['GoogleAnalyticsObject']=r;i[r]=i[r]||function(){\n  (i[r].q=i[r].q||[]).push(arguments)},i[r].l=1*new Date();a=s.createElement(o),\n  m=s.getElementsByTagName(o)[0];a.async=1;a.src=g;m.parentNode.insertBefore(a,m)\n  })(window,document,'script','\/\/www.google-analytics.com\/analytics.js','ga');<\/p>\n<p>  ga('create', 'UA-75369419-1', 'auto');\n  ga('send', 'pageview');<\/p>\n<p><\/script><\/p>\n","protected":false},"excerpt":{"rendered":"<p>Avec l&rsquo;\u00e2ge, la production d\u2019\u00e9lastine et de collag\u00e8ne diminue, entra\u00eenant la perte de souplesse et de fermet\u00e9 de la peau. Les muscles faciaux se rel\u00e2chent \u00e9galement et les rides d&rsquo;expression apparaissent. La luxopuncture va agir sur le drainage lymphatique, la microcirculation du visage, et sur la stimulation musculaire. Elle\u00a0va ainsi vous aider \u00e0 retrouver un [&hellip;]<\/p>\n","protected":false},"author":1,"featured_media":242,"parent":0,"menu_order":50,"comment_status":"closed","ping_status":"closed","template":"","meta":{"footnotes":""},"class_list":["post-13","page","type-page","status-publish","has-post-thumbnail","hentry"],"yoast_head":"<!-- This site is optimized with the Yoast SEO plugin v24.8.1 - https:\/\/yoast.com\/wordpress\/plugins\/seo\/ -->\n<title>rajeunissement visage - cabinet de luxo<\/title>\n<meta name=\"robots\" content=\"index, follow, max-snippet:-1, max-image-preview:large, max-video-preview:-1\" \/>\n<link rel=\"canonical\" href=\"http:\/\/cabinetdeluxo.fr\/index.php\/rajeunissement-visage\/\" \/>\n<meta property=\"og:locale\" content=\"fr_FR\" \/>\n<meta property=\"og:type\" content=\"article\" \/>\n<meta property=\"og:title\" content=\"rajeunissement visage - cabinet de luxo\" \/>\n<meta property=\"og:description\" content=\"Avec l&rsquo;\u00e2ge, la production d\u2019\u00e9lastine et de collag\u00e8ne diminue, entra\u00eenant la perte de souplesse et de fermet\u00e9 de la peau. Les muscles faciaux se rel\u00e2chent \u00e9galement et les rides d&rsquo;expression apparaissent. La luxopuncture va agir sur le drainage lymphatique, la microcirculation du visage, et sur la stimulation musculaire. Elle\u00a0va ainsi vous aider \u00e0 retrouver un [&hellip;]\" \/>\n<meta property=\"og:url\" content=\"http:\/\/cabinetdeluxo.fr\/index.php\/rajeunissement-visage\/\" \/>\n<meta property=\"og:site_name\" content=\"cabinet de luxo\" \/>\n<meta property=\"article:modified_time\" content=\"2016-03-21T11:40:10+00:00\" \/>\n<meta property=\"og:image\" content=\"http:\/\/cabinetdeluxo.fr\/wp-content\/uploads\/2015\/12\/IMG_20160304_100903-1024x768.jpg\" \/>\n\t<meta property=\"og:image:width\" content=\"1024\" \/>\n\t<meta property=\"og:image:height\" content=\"768\" \/>\n\t<meta property=\"og:image:type\" content=\"image\/jpeg\" \/>\n<meta name=\"twitter:card\" content=\"summary_large_image\" \/>\n<meta name=\"twitter:label1\" content=\"Dur\u00e9e de lecture estim\u00e9e\" \/>\n\t<meta name=\"twitter:data1\" content=\"1 minute\" \/>\n<script type=\"application\/ld+json\" class=\"yoast-schema-graph\">{\"@context\":\"https:\/\/schema.org\",\"@graph\":[{\"@type\":\"WebPage\",\"@id\":\"http:\/\/cabinetdeluxo.fr\/index.php\/rajeunissement-visage\/\",\"url\":\"http:\/\/cabinetdeluxo.fr\/index.php\/rajeunissement-visage\/\",\"name\":\"rajeunissement visage - cabinet de luxo\",\"isPartOf\":{\"@id\":\"https:\/\/cabinetdeluxo.fr\/#website\"},\"primaryImageOfPage\":{\"@id\":\"http:\/\/cabinetdeluxo.fr\/index.php\/rajeunissement-visage\/#primaryimage\"},\"image\":{\"@id\":\"http:\/\/cabinetdeluxo.fr\/index.php\/rajeunissement-visage\/#primaryimage\"},\"thumbnailUrl\":\"http:\/\/cabinetdeluxo.fr\/wp-content\/uploads\/2015\/12\/IMG_20160304_100903.jpg\",\"datePublished\":\"2015-12-03T15:11:10+00:00\",\"dateModified\":\"2016-03-21T11:40:10+00:00\",\"breadcrumb\":{\"@id\":\"http:\/\/cabinetdeluxo.fr\/index.php\/rajeunissement-visage\/#breadcrumb\"},\"inLanguage\":\"fr-FR\",\"potentialAction\":[{\"@type\":\"ReadAction\",\"target\":[\"http:\/\/cabinetdeluxo.fr\/index.php\/rajeunissement-visage\/\"]}]},{\"@type\":\"ImageObject\",\"inLanguage\":\"fr-FR\",\"@id\":\"http:\/\/cabinetdeluxo.fr\/index.php\/rajeunissement-visage\/#primaryimage\",\"url\":\"http:\/\/cabinetdeluxo.fr\/wp-content\/uploads\/2015\/12\/IMG_20160304_100903.jpg\",\"contentUrl\":\"http:\/\/cabinetdeluxo.fr\/wp-content\/uploads\/2015\/12\/IMG_20160304_100903.jpg\",\"width\":4032,\"height\":3024},{\"@type\":\"BreadcrumbList\",\"@id\":\"http:\/\/cabinetdeluxo.fr\/index.php\/rajeunissement-visage\/#breadcrumb\",\"itemListElement\":[{\"@type\":\"ListItem\",\"position\":1,\"name\":\"Accueil\",\"item\":\"https:\/\/cabinetdeluxo.fr\/\"},{\"@type\":\"ListItem\",\"position\":2,\"name\":\"rajeunissement visage\"}]},{\"@type\":\"WebSite\",\"@id\":\"https:\/\/cabinetdeluxo.fr\/#website\",\"url\":\"https:\/\/cabinetdeluxo.fr\/\",\"name\":\"cabinet de luxo\",\"description\":\"\",\"potentialAction\":[{\"@type\":\"SearchAction\",\"target\":{\"@type\":\"EntryPoint\",\"urlTemplate\":\"https:\/\/cabinetdeluxo.fr\/?s={search_term_string}\"},\"query-input\":{\"@type\":\"PropertyValueSpecification\",\"valueRequired\":true,\"valueName\":\"search_term_string\"}}],\"inLanguage\":\"fr-FR\"}]}<\/script>\n<!-- \/ Yoast SEO plugin. -->","yoast_head_json":{"title":"rajeunissement visage - cabinet de luxo","robots":{"index":"index","follow":"follow","max-snippet":"max-snippet:-1","max-image-preview":"max-image-preview:large","max-video-preview":"max-video-preview:-1"},"canonical":"http:\/\/cabinetdeluxo.fr\/index.php\/rajeunissement-visage\/","og_locale":"fr_FR","og_type":"article","og_title":"rajeunissement visage - cabinet de luxo","og_description":"Avec l&rsquo;\u00e2ge, la production d\u2019\u00e9lastine et de collag\u00e8ne diminue, entra\u00eenant la perte de souplesse et de fermet\u00e9 de la peau. Les muscles faciaux se rel\u00e2chent \u00e9galement et les rides d&rsquo;expression apparaissent. La luxopuncture va agir sur le drainage lymphatique, la microcirculation du visage, et sur la stimulation musculaire. Elle\u00a0va ainsi vous aider \u00e0 retrouver un [&hellip;]","og_url":"http:\/\/cabinetdeluxo.fr\/index.php\/rajeunissement-visage\/","og_site_name":"cabinet de luxo","article_modified_time":"2016-03-21T11:40:10+00:00","og_image":[{"width":1024,"height":768,"url":"http:\/\/cabinetdeluxo.fr\/wp-content\/uploads\/2015\/12\/IMG_20160304_100903-1024x768.jpg","type":"image\/jpeg"}],"twitter_card":"summary_large_image","twitter_misc":{"Dur\u00e9e de lecture estim\u00e9e":"1 minute"},"schema":{"@context":"https:\/\/schema.org","@graph":[{"@type":"WebPage","@id":"http:\/\/cabinetdeluxo.fr\/index.php\/rajeunissement-visage\/","url":"http:\/\/cabinetdeluxo.fr\/index.php\/rajeunissement-visage\/","name":"rajeunissement visage - cabinet de luxo","isPartOf":{"@id":"https:\/\/cabinetdeluxo.fr\/#website"},"primaryImageOfPage":{"@id":"http:\/\/cabinetdeluxo.fr\/index.php\/rajeunissement-visage\/#primaryimage"},"image":{"@id":"http:\/\/cabinetdeluxo.fr\/index.php\/rajeunissement-visage\/#primaryimage"},"thumbnailUrl":"http:\/\/cabinetdeluxo.fr\/wp-content\/uploads\/2015\/12\/IMG_20160304_100903.jpg","datePublished":"2015-12-03T15:11:10+00:00","dateModified":"2016-03-21T11:40:10+00:00","breadcrumb":{"@id":"http:\/\/cabinetdeluxo.fr\/index.php\/rajeunissement-visage\/#breadcrumb"},"inLanguage":"fr-FR","potentialAction":[{"@type":"ReadAction","target":["http:\/\/cabinetdeluxo.fr\/index.php\/rajeunissement-visage\/"]}]},{"@type":"ImageObject","inLanguage":"fr-FR","@id":"http:\/\/cabinetdeluxo.fr\/index.php\/rajeunissement-visage\/#primaryimage","url":"http:\/\/cabinetdeluxo.fr\/wp-content\/uploads\/2015\/12\/IMG_20160304_100903.jpg","contentUrl":"http:\/\/cabinetdeluxo.fr\/wp-content\/uploads\/2015\/12\/IMG_20160304_100903.jpg","width":4032,"height":3024},{"@type":"BreadcrumbList","@id":"http:\/\/cabinetdeluxo.fr\/index.php\/rajeunissement-visage\/#breadcrumb","itemListElement":[{"@type":"ListItem","position":1,"name":"Accueil","item":"https:\/\/cabinetdeluxo.fr\/"},{"@type":"ListItem","position":2,"name":"rajeunissement visage"}]},{"@type":"WebSite","@id":"https:\/\/cabinetdeluxo.fr\/#website","url":"https:\/\/cabinetdeluxo.fr\/","name":"cabinet de luxo","description":"","potentialAction":[{"@type":"SearchAction","target":{"@type":"EntryPoint","urlTemplate":"https:\/\/cabinetdeluxo.fr\/?s={search_term_string}"},"query-input":{"@type":"PropertyValueSpecification","valueRequired":true,"valueName":"search_term_string"}}],"inLanguage":"fr-FR"}]}},"_links":{"self":[{"href":"http:\/\/cabinetdeluxo.fr\/index.php\/wp-json\/wp\/v2\/pages\/13","targetHints":{"allow":["GET"]}}],"collection":[{"href":"http:\/\/cabinetdeluxo.fr\/index.php\/wp-json\/wp\/v2\/pages"}],"about":[{"href":"http:\/\/cabinetdeluxo.fr\/index.php\/wp-json\/wp\/v2\/types\/page"}],"author":[{"embeddable":true,"href":"http:\/\/cabinetdeluxo.fr\/index.php\/wp-json\/wp\/v2\/users\/1"}],"replies":[{"embeddable":true,"href":"http:\/\/cabinetdeluxo.fr\/index.php\/wp-json\/wp\/v2\/comments?post=13"}],"version-history":[{"count":9,"href":"http:\/\/cabinetdeluxo.fr\/index.php\/wp-json\/wp\/v2\/pages\/13\/revisions"}],"predecessor-version":[{"id":163,"href":"http:\/\/cabinetdeluxo.fr\/index.php\/wp-json\/wp\/v2\/pages\/13\/revisions\/163"}],"wp:featuredmedia":[{"embeddable":true,"href":"http:\/\/cabinetdeluxo.fr\/index.php\/wp-json\/wp\/v2\/media\/242"}],"wp:attachment":[{"href":"http:\/\/cabinetdeluxo.fr\/index.php\/wp-json\/wp\/v2\/media?parent=13"}],"curies":[{"name":"wp","href":"https:\/\/api.w.org\/{rel}","templated":true}]}}